{"id":1385,"date":"2024-08-01T22:28:34","date_gmt":"2024-08-01T20:28:34","guid":{"rendered":"https:\/\/www.mebelonline.pl\/?page_id=1385"},"modified":"2024-08-01T22:28:34","modified_gmt":"2024-08-01T20:28:34","slug":"dziekujemy-za-zlozenie-zamowienia","status":"publish","type":"page","link":"https:\/\/www.mebelonline.pl\/?page_id=1385","title":{"rendered":"Dzi\u0119kujemy za z\u0142o\u017cenie zam\u00f3wienia"},"content":{"rendered":"\n<p>Pragniemy poinformowa\u0107, i\u017c z\u0142o\u017cone i op\u0142acone zam\u00f3wienia realizujemy w przeci\u0105gu 7-14 dni <\/p>\n","protected":false},"excerpt":{"rendered":"<p>Pragniemy poinformowa\u0107, i\u017c z\u0142o\u017cone i op\u0142acone zam\u00f3wienia realizujemy w przeci\u0105gu 7-14 dni<\/p>\n","protected":false},"author":5,"featured_media":0,"parent":0,"menu_order":0,"comment_status":"closed","ping_status":"closed","template":"","meta":{"footnotes":""},"class_list":["post-1385","page","type-page","status-publish","hentry"],"jetpack_sharing_enabled":true,"_links":{"self":[{"href":"https:\/\/www.mebelonline.pl\/index.php?rest_route=\/wp\/v2\/pages\/1385","targetHints":{"allow":["GET"]}}],"collection":[{"href":"https:\/\/www.mebelonline.pl\/index.php?rest_route=\/wp\/v2\/pages"}],"about":[{"href":"https:\/\/www.mebelonline.pl\/index.php?rest_route=\/wp\/v2\/types\/page"}],"author":[{"embeddable":true,"href":"https:\/\/www.mebelonline.pl\/index.php?rest_route=\/wp\/v2\/users\/5"}],"replies":[{"embeddable":true,"href":"https:\/\/www.mebelonline.pl\/index.php?rest_route=%2Fwp%2Fv2%2Fcomments&post=1385"}],"version-history":[{"count":1,"href":"https:\/\/www.mebelonline.pl\/index.php?rest_route=\/wp\/v2\/pages\/1385\/revisions"}],"predecessor-version":[{"id":1389,"href":"https:\/\/www.mebelonline.pl\/index.php?rest_route=\/wp\/v2\/pages\/1385\/revisions\/1389"}],"wp:attachment":[{"href":"https:\/\/www.mebelonline.pl\/index.php?rest_route=%2Fwp%2Fv2%2Fmedia&parent=1385"}],"curies":[{"name":"wp","href":"https:\/\/api.w.org\/{rel}","templated":true}]}}