{"id":40,"date":"2019-04-18T11:09:40","date_gmt":"2019-04-18T09:09:40","guid":{"rendered":"https:\/\/envothemes.com\/envo-ecommerce\/?page_id=40"},"modified":"2026-01-25T16:52:13","modified_gmt":"2026-01-25T15:52:13","slug":"home","status":"publish","type":"page","link":"https:\/\/www.mebelonline.pl\/?page_id=40","title":{"rendered":"Strona g\u0142\u00f3wna"},"content":{"rendered":"\t\t<div data-elementor-type=\"wp-post\" data-elementor-id=\"40\" class=\"elementor elementor-40\">\n\t\t\t\t\t\t<section class=\"elementor-section elementor-top-section elementor-element elementor-element-243e9c01 elementor-section-height-min-height elementor-section-boxed elementor-section-height-default elementor-section-items-middle\" data-id=\"243e9c01\" data-element_type=\"section\" data-e-type=\"section\" data-settings=\"{&quot;background_background&quot;:&quot;classic&quot;,&quot;shape_divider_bottom&quot;:&quot;tilt&quot;}\">\n\t\t\t\t\t\t\t<div class=\"elementor-background-overlay\"><\/div>\n\t\t\t\t\t\t<div class=\"elementor-shape elementor-shape-bottom\" aria-hidden=\"true\" data-negative=\"false\">\n\t\t\t<svg xmlns=\"http:\/\/www.w3.org\/2000\/svg\" viewBox=\"0 0 1000 100\" preserveAspectRatio=\"none\">\n\t<path class=\"elementor-shape-fill\" d=\"M0,6V0h1000v100L0,6z\"\/>\n<\/svg>\t\t<\/div>\n\t\t\t\t\t<div class=\"elementor-container elementor-column-gap-default\">\n\t\t\t\t\t<div class=\"elementor-column elementor-col-50 elementor-top-column elementor-element elementor-element-c09091f\" data-id=\"c09091f\" data-element_type=\"column\" data-e-type=\"column\">\n\t\t\t<div class=\"elementor-widget-wrap elementor-element-populated\">\n\t\t\t\t\t\t<div class=\"elementor-element elementor-element-b14eb54 elementor-widget elementor-widget-image\" data-id=\"b14eb54\" data-element_type=\"widget\" data-e-type=\"widget\" data-widget_type=\"image.default\">\n\t\t\t\t<div class=\"elementor-widget-container\">\n\t\t\t\t\t\t\t\t\t\t\t\t\t\t\t<img decoding=\"async\" src=\"https:\/\/www.mebelonline.pl\/wp-content\/uploads\/elementor\/thumbs\/MEBELS-TAP-miniatura-LOGO-ri6kfwuv9mke1afje3ueah21vvxqreyzr3qu5q3puo.png\" title=\"MEBELS-TAP miniatura LOGO\" alt=\"MEBELS-TAP miniatura LOGO\" loading=\"lazy\" \/>\t\t\t\t\t\t\t\t\t\t\t\t\t\t\t<\/div>\n\t\t\t\t<\/div>\n\t\t\t\t\t<\/div>\n\t\t<\/div>\n\t\t\t\t<div class=\"elementor-column elementor-col-50 elementor-top-column elementor-element elementor-element-845ef65\" data-id=\"845ef65\" data-element_type=\"column\" data-e-type=\"column\">\n\t\t\t<div class=\"elementor-widget-wrap elementor-element-populated\">\n\t\t\t\t\t\t<div class=\"elementor-element elementor-element-1961894 elementor-widget elementor-widget-text-editor\" data-id=\"1961894\" data-element_type=\"widget\" data-e-type=\"widget\" data-widget_type=\"text-editor.default\">\n\t\t\t\t<div class=\"elementor-widget-container\">\n\t\t\t\t\t\t\t\t\t<h1><span style=\"color: #000000;\"><b>\u0141\u0105czymy rzemie\u015blnicz\u0105 pasj\u0119&nbsp;<\/b><\/span><\/h1><h1><span style=\"color: #000000;\"><b>z trosk\u0105 o Tw\u00f3j codzienny komfort<\/b><\/span><\/h1>\t\t\t\t\t\t\t\t<\/div>\n\t\t\t\t<\/div>\n\t\t\t\t\t<\/div>\n\t\t<\/div>\n\t\t\t\t\t<\/div>\n\t\t<\/section>\n\t\t\t\t<section class=\"elementor-section elementor-top-section elementor-element elementor-element-7544c63f elementor-section-boxed elementor-section-height-default elementor-section-height-default\" data-id=\"7544c63f\" data-element_type=\"section\" data-e-type=\"section\" id=\"shop\">\n\t\t\t\t\t\t<div class=\"elementor-container elementor-column-gap-default\">\n\t\t\t\t\t<div class=\"elementor-column elementor-col-100 elementor-top-column elementor-element elementor-element-73139077\" data-id=\"73139077\" data-element_type=\"column\" data-e-type=\"column\">\n\t\t\t<div class=\"elementor-widget-wrap elementor-element-populated\">\n\t\t\t\t\t\t<div class=\"elementor-element elementor-element-e8391c8 elementor-widget elementor-widget-heading\" data-id=\"e8391c8\" data-element_type=\"widget\" data-e-type=\"widget\" data-widget_type=\"heading.default\">\n\t\t\t\t<div class=\"elementor-widget-container\">\n\t\t\t\t\t<h2 class=\"elementor-heading-title elementor-size-default\"><b>Polecane produkty<\/b><\/h2>\t\t\t\t<\/div>\n\t\t\t\t<\/div>\n\t\t\t\t<div class=\"elementor-element elementor-element-4e5d317a elementor-widget elementor-widget-shortcode\" data-id=\"4e5d317a\" data-element_type=\"widget\" data-e-type=\"widget\" data-widget_type=\"shortcode.default\">\n\t\t\t\t<div class=\"elementor-widget-container\">\n\t\t\t\t\t\t\t<div class=\"elementor-shortcode\"><div class=\"woocommerce columns-4 \"><ul class=\"products columns-4\">\n<li class=\"product type-product post-2710 status-publish first instock product_cat-wersalki-kanapy-tapczany product_tag-jasny-kolor product_tag-jednokolorowy product_tag-odcienie-zieleni has-post-thumbnail featured shipping-taxable purchasable product-type-simple\">\n\t<a href=\"https:\/\/www.mebelonline.pl\/?product=nola-kanapa-wersalka-typu-finka-rozkladana-ciemna-zielen\" class=\"woocommerce-LoopProduct-link woocommerce-loop-product__link\"><img fetchpriority=\"high\" decoding=\"async\" width=\"300\" height=\"300\" src=\"https:\/\/www.mebelonline.pl\/wp-content\/uploads\/2026\/03\/IMG-20260326-WA0003-300x300.jpg\" class=\"attachment-woocommerce_thumbnail size-woocommerce_thumbnail\" alt=\"Nola - kanapa wersalka typu finka; rozk\u0142adana - ciemna ziele\u0144\" srcset=\"https:\/\/www.mebelonline.pl\/wp-content\/uploads\/2026\/03\/IMG-20260326-WA0003-300x300.jpg 300w, https:\/\/www.mebelonline.pl\/wp-content\/uploads\/2026\/03\/IMG-20260326-WA0003-1024x1024.jpg 1024w, https:\/\/www.mebelonline.pl\/wp-content\/uploads\/2026\/03\/IMG-20260326-WA0003-150x150.jpg 150w, https:\/\/www.mebelonline.pl\/wp-content\/uploads\/2026\/03\/IMG-20260326-WA0003-768x768.jpg 768w, https:\/\/www.mebelonline.pl\/wp-content\/uploads\/2026\/03\/IMG-20260326-WA0003-600x600.jpg 600w, https:\/\/www.mebelonline.pl\/wp-content\/uploads\/2026\/03\/IMG-20260326-WA0003-100x100.jpg 100w, https:\/\/www.mebelonline.pl\/wp-content\/uploads\/2026\/03\/IMG-20260326-WA0003.jpg 1512w\" sizes=\"(max-width: 300px) 100vw, 300px\" \/><h2 class=\"woocommerce-loop-product__title\">Nola &#8211; kanapa wersalka typu finka; rozk\u0142adana &#8211; ciemna ziele\u0144<\/h2>\n\t<span class=\"price\"><span class=\"woocommerce-Price-amount amount\"><bdi>1200,00&nbsp;<span class=\"woocommerce-Price-currencySymbol\">&#122;&#322;<\/span><\/bdi><\/span><\/span>\n<\/a><a href=\"\/index.php?rest_route=%2Fwp%2Fv2%2Fpages%2F40&#038;add-to-cart=2710\" aria-describedby=\"woocommerce_loop_add_to_cart_link_describedby_2710\" data-quantity=\"1\" class=\"button product_type_simple add_to_cart_button ajax_add_to_cart\" data-product_id=\"2710\" data-product_sku=\"\" aria-label=\"Dodaj do koszyka: &bdquo;Nola - kanapa wersalka typu finka; rozk\u0142adana - ciemna ziele\u0144&rdquo;\" rel=\"nofollow\" data-success_message=\"&ldquo;Nola - kanapa wersalka typu finka; rozk\u0142adana - ciemna ziele\u0144&rdquo; zosta\u0142 dodany do twojego koszyka\" role=\"button\">Dodaj do koszyka<\/a>\t<span id=\"woocommerce_loop_add_to_cart_link_describedby_2710\" class=\"screen-reader-text\">\n\t\t\t<\/span>\n<span class=\"gtm4wp_productdata\" style=\"display:none; visibility:hidden;\" data-gtm4wp_product_data=\"{&quot;internal_id&quot;:2710,&quot;item_id&quot;:2710,&quot;item_name&quot;:&quot;Nola - kanapa wersalka typu finka; rozk\\u0142adana - ciemna ziele\\u0144&quot;,&quot;sku&quot;:2710,&quot;price&quot;:1200,&quot;stocklevel&quot;:null,&quot;stockstatus&quot;:&quot;instock&quot;,&quot;google_business_vertical&quot;:&quot;retail&quot;,&quot;item_category&quot;:&quot;Wersalki &quot;,&quot;item_category2&quot;:&quot; kanapy &quot;,&quot;item_category3&quot;:&quot; tapczany&quot;,&quot;id&quot;:2710,&quot;productlink&quot;:&quot;https:\\\/\\\/www.mebelonline.pl\\\/?product=nola-kanapa-wersalka-typu-finka-rozkladana-ciemna-zielen&quot;,&quot;item_list_name&quot;:&quot;General Product List&quot;,&quot;index&quot;:1,&quot;product_type&quot;:&quot;simple&quot;,&quot;item_brand&quot;:&quot;&quot;}\"><\/span><\/li>\n<li class=\"product type-product post-2709 status-publish instock product_cat-fotele product_tag-ciemny-kolor product_tag-czarny product_tag-jednokolorowy has-post-thumbnail featured shipping-taxable purchasable product-type-simple\">\n\t<a href=\"https:\/\/www.mebelonline.pl\/?product=fotel-uszak-kepl-prime-36-czern\" class=\"woocommerce-LoopProduct-link woocommerce-loop-product__link\"><img decoding=\"async\" width=\"300\" height=\"300\" src=\"https:\/\/www.mebelonline.pl\/wp-content\/uploads\/2026\/03\/Prime-36-300x300.jpg\" class=\"attachment-woocommerce_thumbnail size-woocommerce_thumbnail\" alt=\"Fotel uszak Kepl - Prime 36 czer\u0144\" srcset=\"https:\/\/www.mebelonline.pl\/wp-content\/uploads\/2026\/03\/Prime-36-300x300.jpg 300w, https:\/\/www.mebelonline.pl\/wp-content\/uploads\/2026\/03\/Prime-36-1024x1024.jpg 1024w, https:\/\/www.mebelonline.pl\/wp-content\/uploads\/2026\/03\/Prime-36-150x150.jpg 150w, https:\/\/www.mebelonline.pl\/wp-content\/uploads\/2026\/03\/Prime-36-768x768.jpg 768w, https:\/\/www.mebelonline.pl\/wp-content\/uploads\/2026\/03\/Prime-36-600x600.jpg 600w, https:\/\/www.mebelonline.pl\/wp-content\/uploads\/2026\/03\/Prime-36-100x100.jpg 100w, https:\/\/www.mebelonline.pl\/wp-content\/uploads\/2026\/03\/Prime-36.jpg 1080w\" sizes=\"(max-width: 300px) 100vw, 300px\" \/><h2 class=\"woocommerce-loop-product__title\">Fotel uszak Kepl &#8211; Prime 36 czer\u0144<\/h2>\n\t<span class=\"price\"><span class=\"woocommerce-Price-amount amount\"><bdi>849,00&nbsp;<span class=\"woocommerce-Price-currencySymbol\">&#122;&#322;<\/span><\/bdi><\/span><\/span>\n<\/a><a href=\"\/index.php?rest_route=%2Fwp%2Fv2%2Fpages%2F40&#038;add-to-cart=2709\" aria-describedby=\"woocommerce_loop_add_to_cart_link_describedby_2709\" data-quantity=\"1\" class=\"button product_type_simple add_to_cart_button ajax_add_to_cart\" data-product_id=\"2709\" data-product_sku=\"\" aria-label=\"Dodaj do koszyka: &bdquo;Fotel uszak Kepl - Prime 36 czer\u0144&rdquo;\" rel=\"nofollow\" data-success_message=\"&ldquo;Fotel uszak Kepl - Prime 36 czer\u0144&rdquo; zosta\u0142 dodany do twojego koszyka\" role=\"button\">Dodaj do koszyka<\/a>\t<span id=\"woocommerce_loop_add_to_cart_link_describedby_2709\" class=\"screen-reader-text\">\n\t\t\t<\/span>\n<span class=\"gtm4wp_productdata\" style=\"display:none; visibility:hidden;\" data-gtm4wp_product_data=\"{&quot;internal_id&quot;:2709,&quot;item_id&quot;:2709,&quot;item_name&quot;:&quot;Fotel uszak Kepl - Prime 36 czer\\u0144&quot;,&quot;sku&quot;:2709,&quot;price&quot;:849,&quot;stocklevel&quot;:null,&quot;stockstatus&quot;:&quot;instock&quot;,&quot;google_business_vertical&quot;:&quot;retail&quot;,&quot;item_category&quot;:&quot;Fotele&quot;,&quot;id&quot;:2709,&quot;productlink&quot;:&quot;https:\\\/\\\/www.mebelonline.pl\\\/?product=fotel-uszak-kepl-prime-36-czern&quot;,&quot;item_list_name&quot;:&quot;General Product List&quot;,&quot;index&quot;:2,&quot;product_type&quot;:&quot;simple&quot;,&quot;item_brand&quot;:&quot;&quot;}\"><\/span><\/li>\n<li class=\"product type-product post-2708 status-publish instock product_cat-fotele product_tag-ciemny-kolor product_tag-grafitowy product_tag-jednokolorowy has-post-thumbnail featured shipping-taxable purchasable product-type-simple\">\n\t<a href=\"https:\/\/www.mebelonline.pl\/?product=fotel-uszak-kepl-prime-35-ciemny-bez-taupe\" class=\"woocommerce-LoopProduct-link woocommerce-loop-product__link\"><img decoding=\"async\" width=\"300\" height=\"300\" src=\"https:\/\/www.mebelonline.pl\/wp-content\/uploads\/2026\/03\/Prime-35-300x300.jpg\" class=\"attachment-woocommerce_thumbnail size-woocommerce_thumbnail\" alt=\"Fotel uszak Kepl - Prime 35 grafitowy\" srcset=\"https:\/\/www.mebelonline.pl\/wp-content\/uploads\/2026\/03\/Prime-35-300x300.jpg 300w, https:\/\/www.mebelonline.pl\/wp-content\/uploads\/2026\/03\/Prime-35-1024x1024.jpg 1024w, https:\/\/www.mebelonline.pl\/wp-content\/uploads\/2026\/03\/Prime-35-150x150.jpg 150w, https:\/\/www.mebelonline.pl\/wp-content\/uploads\/2026\/03\/Prime-35-768x768.jpg 768w, https:\/\/www.mebelonline.pl\/wp-content\/uploads\/2026\/03\/Prime-35-600x600.jpg 600w, https:\/\/www.mebelonline.pl\/wp-content\/uploads\/2026\/03\/Prime-35-100x100.jpg 100w, https:\/\/www.mebelonline.pl\/wp-content\/uploads\/2026\/03\/Prime-35.jpg 1080w\" sizes=\"(max-width: 300px) 100vw, 300px\" \/><h2 class=\"woocommerce-loop-product__title\">Fotel uszak Kepl &#8211; Prime 35 grafitowy<\/h2>\n\t<span class=\"price\"><span class=\"woocommerce-Price-amount amount\"><bdi>849,00&nbsp;<span class=\"woocommerce-Price-currencySymbol\">&#122;&#322;<\/span><\/bdi><\/span><\/span>\n<\/a><a href=\"\/index.php?rest_route=%2Fwp%2Fv2%2Fpages%2F40&#038;add-to-cart=2708\" aria-describedby=\"woocommerce_loop_add_to_cart_link_describedby_2708\" data-quantity=\"1\" class=\"button product_type_simple add_to_cart_button ajax_add_to_cart\" data-product_id=\"2708\" data-product_sku=\"\" aria-label=\"Dodaj do koszyka: &bdquo;Fotel uszak Kepl - Prime 35 grafitowy&rdquo;\" rel=\"nofollow\" data-success_message=\"&ldquo;Fotel uszak Kepl - Prime 35 grafitowy&rdquo; zosta\u0142 dodany do twojego koszyka\" role=\"button\">Dodaj do koszyka<\/a>\t<span id=\"woocommerce_loop_add_to_cart_link_describedby_2708\" class=\"screen-reader-text\">\n\t\t\t<\/span>\n<span class=\"gtm4wp_productdata\" style=\"display:none; visibility:hidden;\" data-gtm4wp_product_data=\"{&quot;internal_id&quot;:2708,&quot;item_id&quot;:2708,&quot;item_name&quot;:&quot;Fotel uszak Kepl - Prime 35 grafitowy&quot;,&quot;sku&quot;:2708,&quot;price&quot;:849,&quot;stocklevel&quot;:null,&quot;stockstatus&quot;:&quot;instock&quot;,&quot;google_business_vertical&quot;:&quot;retail&quot;,&quot;item_category&quot;:&quot;Fotele&quot;,&quot;id&quot;:2708,&quot;productlink&quot;:&quot;https:\\\/\\\/www.mebelonline.pl\\\/?product=fotel-uszak-kepl-prime-35-ciemny-bez-taupe&quot;,&quot;item_list_name&quot;:&quot;General Product List&quot;,&quot;index&quot;:3,&quot;product_type&quot;:&quot;simple&quot;,&quot;item_brand&quot;:&quot;&quot;}\"><\/span><\/li>\n<li class=\"product type-product post-2707 status-publish last instock product_cat-fotele product_tag-ciemny-kolor product_tag-jednokolorowy product_tag-szary has-post-thumbnail featured shipping-taxable purchasable product-type-simple\">\n\t<a href=\"https:\/\/www.mebelonline.pl\/?product=fotel-uszak-kepl-prime-33-bezowo-szary\" class=\"woocommerce-LoopProduct-link woocommerce-loop-product__link\"><img loading=\"lazy\" decoding=\"async\" width=\"300\" height=\"300\" src=\"https:\/\/www.mebelonline.pl\/wp-content\/uploads\/2026\/03\/Prime-33-300x300.jpg\" class=\"attachment-woocommerce_thumbnail size-woocommerce_thumbnail\" alt=\"Fotel uszak Kepl - Prime 33 szary\" srcset=\"https:\/\/www.mebelonline.pl\/wp-content\/uploads\/2026\/03\/Prime-33-300x300.jpg 300w, https:\/\/www.mebelonline.pl\/wp-content\/uploads\/2026\/03\/Prime-33-1024x1024.jpg 1024w, https:\/\/www.mebelonline.pl\/wp-content\/uploads\/2026\/03\/Prime-33-150x150.jpg 150w, https:\/\/www.mebelonline.pl\/wp-content\/uploads\/2026\/03\/Prime-33-768x768.jpg 768w, https:\/\/www.mebelonline.pl\/wp-content\/uploads\/2026\/03\/Prime-33-600x600.jpg 600w, https:\/\/www.mebelonline.pl\/wp-content\/uploads\/2026\/03\/Prime-33-100x100.jpg 100w, https:\/\/www.mebelonline.pl\/wp-content\/uploads\/2026\/03\/Prime-33.jpg 1080w\" sizes=\"(max-width: 300px) 100vw, 300px\" \/><h2 class=\"woocommerce-loop-product__title\">Fotel uszak Kepl &#8211; Prime 33 szary<\/h2>\n\t<span class=\"price\"><span class=\"woocommerce-Price-amount amount\"><bdi>849,00&nbsp;<span class=\"woocommerce-Price-currencySymbol\">&#122;&#322;<\/span><\/bdi><\/span><\/span>\n<\/a><a href=\"\/index.php?rest_route=%2Fwp%2Fv2%2Fpages%2F40&#038;add-to-cart=2707\" aria-describedby=\"woocommerce_loop_add_to_cart_link_describedby_2707\" data-quantity=\"1\" class=\"button product_type_simple add_to_cart_button ajax_add_to_cart\" data-product_id=\"2707\" data-product_sku=\"\" aria-label=\"Dodaj do koszyka: &bdquo;Fotel uszak Kepl - Prime 33 szary&rdquo;\" rel=\"nofollow\" data-success_message=\"&ldquo;Fotel uszak Kepl - Prime 33 szary&rdquo; zosta\u0142 dodany do twojego koszyka\" role=\"button\">Dodaj do koszyka<\/a>\t<span id=\"woocommerce_loop_add_to_cart_link_describedby_2707\" class=\"screen-reader-text\">\n\t\t\t<\/span>\n<span class=\"gtm4wp_productdata\" style=\"display:none; visibility:hidden;\" data-gtm4wp_product_data=\"{&quot;internal_id&quot;:2707,&quot;item_id&quot;:2707,&quot;item_name&quot;:&quot;Fotel uszak Kepl - Prime 33 szary&quot;,&quot;sku&quot;:2707,&quot;price&quot;:849,&quot;stocklevel&quot;:null,&quot;stockstatus&quot;:&quot;instock&quot;,&quot;google_business_vertical&quot;:&quot;retail&quot;,&quot;item_category&quot;:&quot;Fotele&quot;,&quot;id&quot;:2707,&quot;productlink&quot;:&quot;https:\\\/\\\/www.mebelonline.pl\\\/?product=fotel-uszak-kepl-prime-33-bezowo-szary&quot;,&quot;item_list_name&quot;:&quot;General Product List&quot;,&quot;index&quot;:4,&quot;product_type&quot;:&quot;simple&quot;,&quot;item_brand&quot;:&quot;&quot;}\"><\/span><\/li>\n<\/ul>\n<\/div><\/div>\n\t\t\t\t\t\t<\/div>\n\t\t\t\t<\/div>\n\t\t\t\t\t<\/div>\n\t\t<\/div>\n\t\t\t\t\t<\/div>\n\t\t<\/section>\n\t\t\t\t<section class=\"elementor-section elementor-top-section elementor-element elementor-element-7b7beef elementor-section-boxed elementor-section-height-default elementor-section-height-default\" data-id=\"7b7beef\" data-element_type=\"section\" data-e-type=\"section\">\n\t\t\t\t\t\t<div class=\"elementor-container elementor-column-gap-default\">\n\t\t\t\t\t<div class=\"elementor-column elementor-col-100 elementor-top-column elementor-element elementor-element-af2b092\" data-id=\"af2b092\" data-element_type=\"column\" data-e-type=\"column\">\n\t\t\t<div class=\"elementor-widget-wrap\">\n\t\t\t\t\t\t\t<\/div>\n\t\t<\/div>\n\t\t\t\t\t<\/div>\n\t\t<\/section>\n\t\t\t\t<section class=\"elementor-section elementor-top-section elementor-element elementor-element-53054ebd elementor-section-content-middle elementor-section-boxed elementor-section-height-default elementor-section-height-default\" data-id=\"53054ebd\" data-element_type=\"section\" data-e-type=\"section\" data-settings=\"{&quot;background_background&quot;:&quot;classic&quot;}\">\n\t\t\t\t\t\t<div class=\"elementor-container elementor-column-gap-no\">\n\t\t\t\t\t<div class=\"elementor-column elementor-col-50 elementor-top-column elementor-element elementor-element-152846c\" data-id=\"152846c\" data-element_type=\"column\" data-e-type=\"column\">\n\t\t\t<div class=\"elementor-widget-wrap elementor-element-populated\">\n\t\t\t\t\t\t<div class=\"elementor-element elementor-element-178e2720 elementor-widget elementor-widget-heading\" data-id=\"178e2720\" data-element_type=\"widget\" data-e-type=\"widget\" data-widget_type=\"heading.default\">\n\t\t\t\t<div class=\"elementor-widget-container\">\n\t\t\t\t\t<h4 class=\"elementor-heading-title elementor-size-default\">O NAS<\/h4>\t\t\t\t<\/div>\n\t\t\t\t<\/div>\n\t\t\t\t\t<\/div>\n\t\t<\/div>\n\t\t\t\t<div class=\"elementor-column elementor-col-50 elementor-top-column elementor-element elementor-element-75c43855\" data-id=\"75c43855\" data-element_type=\"column\" data-e-type=\"column\">\n\t\t\t<div class=\"elementor-widget-wrap elementor-element-populated\">\n\t\t\t\t\t\t<div class=\"elementor-element elementor-element-1e0d6aec elementor-widget elementor-widget-text-editor\" data-id=\"1e0d6aec\" data-element_type=\"widget\" data-e-type=\"widget\" data-widget_type=\"text-editor.default\">\n\t\t\t\t<div class=\"elementor-widget-container\">\n\t\t\t\t\t\t\t\t\t<h4 style=\"text-align: center;\"><span style=\"color: #ffffff; font-weight: normal;\">Jeste\u015bmy niewielk\u0105 firm\u0105, w kt\u00f3rej utalentowani rzemie\u015blnicy z entuzjazmem i zaanga\u017cowaniem wytwarzaj\u0105 meble z materia\u0142\u00f3w najwy\u017cszej jako\u015bci. Obok pasji g\u0142\u00f3wnym motywatorem do dzia\u0142ania jest dla nas u\u015bmiech na twarzach zadowolonych klient\u00f3w, dlatego nasze meble powstaj\u0105 zawsze z my\u015bl\u0105 o zaspokajaniu ich potrzeb. Maj\u0105c na uwadze dobro naszych klient\u00f3w staramy si\u0119 sprosta\u0107 ka\u017cdemu z postawionych przed nami wymaga\u0144. W Mebels-Tap wierzymy, \u017ce sumienno\u015b\u0107 i determinacja w\u0142o\u017cone w prace nad tworzeniem wygodnych i estetycznych mebli, przynios\u0105 rado\u015b\u0107 i dobry nastr\u00f3j naszym klientom. Dzi\u0119ki starannej pracy i ci\u0105g\u0142emu rozwijaniu umiej\u0119tno\u015bci jeste\u015bmy w stanie zadba\u0107 o ka\u017cdy szczeg\u00f3\u0142 procesu produkcyjnego, aby oddawane w r\u0119ce naszych klient\u00f3w meble spe\u0142nia\u0142y ich oczekiwania.\u00a0<\/span><\/h4>\t\t\t\t\t\t\t\t<\/div>\n\t\t\t\t<\/div>\n\t\t\t\t<div class=\"elementor-element elementor-element-12a99e90 elementor-widget-divider--view-line elementor-widget elementor-widget-divider\" data-id=\"12a99e90\" data-element_type=\"widget\" data-e-type=\"widget\" data-widget_type=\"divider.default\">\n\t\t\t\t<div class=\"elementor-widget-container\">\n\t\t\t\t\t\t\t<div class=\"elementor-divider\">\n\t\t\t<span class=\"elementor-divider-separator\">\n\t\t\t\t\t\t<\/span>\n\t\t<\/div>\n\t\t\t\t\t\t<\/div>\n\t\t\t\t<\/div>\n\t\t\t\t<div class=\"elementor-element elementor-element-2264b587 elementor-widget__width-initial elementor-widget elementor-widget-text-editor\" data-id=\"2264b587\" data-element_type=\"widget\" data-e-type=\"widget\" data-widget_type=\"text-editor.default\">\n\t\t\t\t<div class=\"elementor-widget-container\">\n\t\t\t\t\t\t\t\t\t<h1 style=\"text-align: center;\"><span style=\"color: #ffffff;\"><span style=\"font-size: 16px;\">Nasze motto mo\u017cna uj\u0105\u0107 w s\u0142owach:\u00a0<\/span><\/span><\/h1><h1 style=\"text-align: center;\"><span style=\"color: #ffffff;\"><span style=\"font-size: 16px;\">&#8222;\u0141\u0105czymy rzemie\u015blnicz\u0105 pasj\u0119 z trosk\u0105 o Tw\u00f3j codzienny komfort&#8221;.<\/span><\/span><\/h1>\t\t\t\t\t\t\t\t<\/div>\n\t\t\t\t<\/div>\n\t\t\t\t\t<\/div>\n\t\t<\/div>\n\t\t\t\t\t<\/div>\n\t\t<\/section>\n\t\t\t\t<\/div>\n\t\t","protected":false},"excerpt":{"rendered":"<p>\u0141\u0105czymy rzemie\u015blnicz\u0105 pasj\u0119&nbsp; z trosk\u0105 o Tw\u00f3j codzienny komfort Polecane produkty O NAS Jeste\u015bmy niewielk\u0105 firm\u0105, w kt\u00f3rej utalentowani rzemie\u015blnicy&hellip;<\/p>\n","protected":false},"author":3,"featured_media":0,"parent":0,"menu_order":0,"comment_status":"closed","ping_status":"closed","template":"template-parts\/template-page-builders.php","meta":{"footnotes":""},"class_list":["post-40","page","type-page","status-publish","hentry"],"jetpack_sharing_enabled":true,"_links":{"self":[{"href":"https:\/\/www.mebelonline.pl\/index.php?rest_route=\/wp\/v2\/pages\/40","targetHints":{"allow":["GET"]}}],"collection":[{"href":"https:\/\/www.mebelonline.pl\/index.php?rest_route=\/wp\/v2\/pages"}],"about":[{"href":"https:\/\/www.mebelonline.pl\/index.php?rest_route=\/wp\/v2\/types\/page"}],"author":[{"embeddable":true,"href":"https:\/\/www.mebelonline.pl\/index.php?rest_route=\/wp\/v2\/users\/3"}],"replies":[{"embeddable":true,"href":"https:\/\/www.mebelonline.pl\/index.php?rest_route=%2Fwp%2Fv2%2Fcomments&post=40"}],"version-history":[{"count":107,"href":"https:\/\/www.mebelonline.pl\/index.php?rest_route=\/wp\/v2\/pages\/40\/revisions"}],"predecessor-version":[{"id":2466,"href":"https:\/\/www.mebelonline.pl\/index.php?rest_route=\/wp\/v2\/pages\/40\/revisions\/2466"}],"wp:attachment":[{"href":"https:\/\/www.mebelonline.pl\/index.php?rest_route=%2Fwp%2Fv2%2Fmedia&parent=40"}],"curies":[{"name":"wp","href":"https:\/\/api.w.org\/{rel}","templated":true}]}}