{"id":978,"date":"2023-11-19T20:24:15","date_gmt":"2023-11-19T19:24:15","guid":{"rendered":"http:\/\/mebelonline.pl\/?page_id=978"},"modified":"2026-02-22T20:37:26","modified_gmt":"2026-02-22T19:37:26","slug":"palety-kolorow","status":"publish","type":"page","link":"https:\/\/www.mebelonline.pl\/?page_id=978","title":{"rendered":"Wzorniki tkanin"},"content":{"rendered":"\t\t<div data-elementor-type=\"wp-page\" data-elementor-id=\"978\" class=\"elementor elementor-978\">\n\t\t\t\t\t\t<section class=\"elementor-section elementor-top-section elementor-element elementor-element-8d05fc6 elementor-section-boxed elementor-section-height-default elementor-section-height-default\" data-id=\"8d05fc6\" data-element_type=\"section\" data-e-type=\"section\">\n\t\t\t\t\t\t<div class=\"elementor-container elementor-column-gap-default\">\n\t\t\t\t\t<div class=\"elementor-column elementor-col-100 elementor-top-column elementor-element elementor-element-72cecc1\" data-id=\"72cecc1\" data-element_type=\"column\" data-e-type=\"column\">\n\t\t\t<div class=\"elementor-widget-wrap\">\n\t\t\t\t\t\t\t<\/div>\n\t\t<\/div>\n\t\t\t\t\t<\/div>\n\t\t<\/section>\n\t\t\t\t<section class=\"elementor-section elementor-top-section elementor-element elementor-element-3bd7440 elementor-section-boxed elementor-section-height-default elementor-section-height-default\" data-id=\"3bd7440\" data-element_type=\"section\" data-e-type=\"section\">\n\t\t\t\t\t\t<div class=\"elementor-container elementor-column-gap-default\">\n\t\t\t\t\t<div class=\"elementor-column elementor-col-100 elementor-top-column elementor-element elementor-element-be28aba\" data-id=\"be28aba\" data-element_type=\"column\" data-e-type=\"column\">\n\t\t\t<div class=\"elementor-widget-wrap elementor-element-populated\">\n\t\t\t\t\t\t<div class=\"elementor-element elementor-element-0c49dd4 elementor-widget elementor-widget-heading\" data-id=\"0c49dd4\" data-element_type=\"widget\" data-e-type=\"widget\" data-widget_type=\"heading.default\">\n\t\t\t\t<div class=\"elementor-widget-container\">\n\t\t\t\t\t<h2 class=\"elementor-heading-title elementor-size-default\"><h2 class=\"wp-block-heading\" style=\"font-family: Roboto, sans-serif;white-space: normal\">Wybieraj barwy oraz rodzaje tkanin i tw\u00f3rz meble dopasowane do Twoich potrzeb.<\/h2><div><br><\/div><p style=\"font-size: 18px;font-weight: 400;letter-spacing: normal;white-space: normal\"><\/p><p style=\"font-size: 18px;font-weight: 400;letter-spacing: normal;white-space: normal\"><\/p><div class=\"wp-block-media-text is-stacked-on-mobile\" style=\"font-size: 18px;font-weight: 400;letter-spacing: normal;white-space: normal\"><\/div><\/h2>\t\t\t\t<\/div>\n\t\t\t\t<\/div>\n\t\t\t\t<section class=\"elementor-section elementor-inner-section elementor-element elementor-element-9ad271a elementor-section-boxed elementor-section-height-default elementor-section-height-default\" data-id=\"9ad271a\" data-element_type=\"section\" data-e-type=\"section\">\n\t\t\t\t\t\t<div class=\"elementor-container elementor-column-gap-default\">\n\t\t\t\t\t<div class=\"elementor-column elementor-col-50 elementor-inner-column elementor-element elementor-element-243652a\" data-id=\"243652a\" data-element_type=\"column\" data-e-type=\"column\">\n\t\t\t<div class=\"elementor-widget-wrap elementor-element-populated\">\n\t\t\t\t\t\t<div class=\"elementor-element elementor-element-d4d8f8d elementor-widget elementor-widget-heading\" data-id=\"d4d8f8d\" data-element_type=\"widget\" data-e-type=\"widget\" data-widget_type=\"heading.default\">\n\t\t\t\t<div class=\"elementor-widget-container\">\n\t\t\t\t\t<h1 class=\"elementor-heading-title elementor-size-default\"><strong style=\"white-space: normal;letter-spacing: normal;font-size: 18px\">Salvador -&nbsp;<\/strong><span style=\"white-space: normal;letter-spacing: normal;font-weight: 400;font-size: 16px;, sans-serif\">tkanina meblowa, welurowa, wyprodukowana w technologii ograniczaj\u0105cej wch\u0142anianie cieczy, posiada r\u00f3wnie\u017c wysok\u0105 odporno\u015b\u0107 na \u015bcieranie. Jej mi\u0119kka i delikatna faktura z drobnym mieszkiem sprawia, \u017ce jest przyjemna w dotyku i zapewnia ciep\u0142o. Tkanina ta jest idealnym rozwi\u0105zaniem dla os\u00f3b, kt\u00f3re posiadaj\u0105 zwierz\u0119ta domowe.<\/span><\/h1>\t\t\t\t<\/div>\n\t\t\t\t<\/div>\n\t\t\t\t\t<\/div>\n\t\t<\/div>\n\t\t\t\t<div class=\"elementor-column elementor-col-50 elementor-inner-column elementor-element elementor-element-4566896\" data-id=\"4566896\" data-element_type=\"column\" data-e-type=\"column\">\n\t\t\t<div class=\"elementor-widget-wrap elementor-element-populated\">\n\t\t\t\t\t\t<div class=\"elementor-element elementor-element-61f46be elementor-widget elementor-widget-image\" data-id=\"61f46be\" data-element_type=\"widget\" data-e-type=\"widget\" data-widget_type=\"image.default\">\n\t\t\t\t<div class=\"elementor-widget-container\">\n\t\t\t\t\t\t\t\t\t\t\t\t\t\t\t<img fetchpriority=\"high\" decoding=\"async\" width=\"750\" height=\"760\" src=\"https:\/\/www.mebelonline.pl\/wp-content\/uploads\/2026\/01\/11-1010x1024.jpg\" class=\"elementor-animation-grow attachment-large size-large wp-image-2442\" alt=\"\" srcset=\"https:\/\/www.mebelonline.pl\/wp-content\/uploads\/2026\/01\/11-1010x1024.jpg 1010w, https:\/\/www.mebelonline.pl\/wp-content\/uploads\/2026\/01\/11-296x300.jpg 296w, https:\/\/www.mebelonline.pl\/wp-content\/uploads\/2026\/01\/11-768x779.jpg 768w, https:\/\/www.mebelonline.pl\/wp-content\/uploads\/2026\/01\/11-600x608.jpg 600w, https:\/\/www.mebelonline.pl\/wp-content\/uploads\/2026\/01\/11-100x100.jpg 100w, https:\/\/www.mebelonline.pl\/wp-content\/uploads\/2026\/01\/11.jpg 1080w\" sizes=\"(max-width: 750px) 100vw, 750px\" \/>\t\t\t\t\t\t\t\t\t\t\t\t\t\t\t<\/div>\n\t\t\t\t<\/div>\n\t\t\t\t\t<\/div>\n\t\t<\/div>\n\t\t\t\t\t<\/div>\n\t\t<\/section>\n\t\t\t\t<section class=\"elementor-section elementor-inner-section elementor-element elementor-element-870cdb8 elementor-section-boxed elementor-section-height-default elementor-section-height-default\" data-id=\"870cdb8\" data-element_type=\"section\" data-e-type=\"section\">\n\t\t\t\t\t\t<div class=\"elementor-container elementor-column-gap-default\">\n\t\t\t\t\t<div class=\"elementor-column elementor-col-50 elementor-inner-column elementor-element elementor-element-03ad6b1\" data-id=\"03ad6b1\" data-element_type=\"column\" data-e-type=\"column\">\n\t\t\t<div class=\"elementor-widget-wrap elementor-element-populated\">\n\t\t\t\t\t\t<div class=\"elementor-element elementor-element-7de9fe0 elementor-widget elementor-widget-heading\" data-id=\"7de9fe0\" data-element_type=\"widget\" data-e-type=\"widget\" data-widget_type=\"heading.default\">\n\t\t\t\t<div class=\"elementor-widget-container\">\n\t\t\t\t\t<h1 class=\"elementor-heading-title elementor-size-default\"><strong style=\"white-space: normal;letter-spacing: normal;font-size: 18px\">POSO -<\/strong><span style=\"font-size: 16px;font-weight: 400;letter-spacing: normal;, sans-serif\">&nbsp;mi\u0119sisty, gruby sztruks obiciowy o wyrazistej, szeroko pr\u0105\u017ckowanej strukturze. Mi\u0119kki i przyjemny w dotyku, a jednocze\u015bnie trwa\u0142y i odporny na \u015bcieranie. Dost\u0119pny w przytulnych kolorach, wprowadza do wn\u0119trz elegancj\u0119, ciep\u0142o i wyj\u0105tkowy charakter.<\/span><span style=\"letter-spacing: -0.02em\"><\/span><br><\/h1>\t\t\t\t<\/div>\n\t\t\t\t<\/div>\n\t\t\t\t\t<\/div>\n\t\t<\/div>\n\t\t\t\t<div class=\"elementor-column elementor-col-50 elementor-inner-column elementor-element elementor-element-3b87b08\" data-id=\"3b87b08\" data-element_type=\"column\" data-e-type=\"column\">\n\t\t\t<div class=\"elementor-widget-wrap elementor-element-populated\">\n\t\t\t\t\t\t<div class=\"elementor-element elementor-element-824fd18 elementor-widget elementor-widget-image\" data-id=\"824fd18\" data-element_type=\"widget\" data-e-type=\"widget\" data-widget_type=\"image.default\">\n\t\t\t\t<div class=\"elementor-widget-container\">\n\t\t\t\t\t\t\t\t\t\t\t\t\t\t\t<img decoding=\"async\" width=\"576\" height=\"1024\" src=\"https:\/\/www.mebelonline.pl\/wp-content\/uploads\/2026\/02\/6.-POSO-576x1024.jpg\" class=\"elementor-animation-grow attachment-large size-large wp-image-2550\" alt=\"\" srcset=\"https:\/\/www.mebelonline.pl\/wp-content\/uploads\/2026\/02\/6.-POSO-576x1024.jpg 576w, https:\/\/www.mebelonline.pl\/wp-content\/uploads\/2026\/02\/6.-POSO-169x300.jpg 169w, https:\/\/www.mebelonline.pl\/wp-content\/uploads\/2026\/02\/6.-POSO-768x1365.jpg 768w, https:\/\/www.mebelonline.pl\/wp-content\/uploads\/2026\/02\/6.-POSO-864x1536.jpg 864w, https:\/\/www.mebelonline.pl\/wp-content\/uploads\/2026\/02\/6.-POSO-600x1067.jpg 600w, https:\/\/www.mebelonline.pl\/wp-content\/uploads\/2026\/02\/6.-POSO.jpg 1080w\" sizes=\"(max-width: 576px) 100vw, 576px\" \/>\t\t\t\t\t\t\t\t\t\t\t\t\t\t\t<\/div>\n\t\t\t\t<\/div>\n\t\t\t\t\t<\/div>\n\t\t<\/div>\n\t\t\t\t\t<\/div>\n\t\t<\/section>\n\t\t\t\t\t<\/div>\n\t\t<\/div>\n\t\t\t\t\t<\/div>\n\t\t<\/section>\n\t\t\t\t<section class=\"elementor-section elementor-top-section elementor-element elementor-element-e2b5794 elementor-section-boxed elementor-section-height-default elementor-section-height-default\" data-id=\"e2b5794\" data-element_type=\"section\" data-e-type=\"section\">\n\t\t\t\t\t\t<div class=\"elementor-container elementor-column-gap-default\">\n\t\t\t\t\t<div class=\"elementor-column elementor-col-100 elementor-top-column elementor-element elementor-element-947ef06\" data-id=\"947ef06\" data-element_type=\"column\" data-e-type=\"column\">\n\t\t\t<div class=\"elementor-widget-wrap elementor-element-populated\">\n\t\t\t\t\t\t<section class=\"elementor-section elementor-inner-section elementor-element elementor-element-03e9b39 elementor-section-boxed elementor-section-height-default elementor-section-height-default\" data-id=\"03e9b39\" data-element_type=\"section\" data-e-type=\"section\">\n\t\t\t\t\t\t<div class=\"elementor-container elementor-column-gap-default\">\n\t\t\t\t\t<div class=\"elementor-column elementor-col-50 elementor-inner-column elementor-element elementor-element-f037197\" data-id=\"f037197\" data-element_type=\"column\" data-e-type=\"column\">\n\t\t\t<div class=\"elementor-widget-wrap elementor-element-populated\">\n\t\t\t\t\t\t<div class=\"elementor-element elementor-element-115809c elementor-widget__width-initial elementor-widget elementor-widget-heading\" data-id=\"115809c\" data-element_type=\"widget\" data-e-type=\"widget\" data-widget_type=\"heading.default\">\n\t\t\t\t<div class=\"elementor-widget-container\">\n\t\t\t\t\t<h1 class=\"elementor-heading-title elementor-size-default\"><strong style=\"font-size: 18px;letter-spacing: normal;white-space: normal\">Tkanina Como<\/strong><span style=\", sans-serif;font-size: 16px;font-weight: 400;letter-spacing: normal\"> to elegancki materia\u0142 obiciowy o unikalnej strukturze, kt\u00f3ry oferuje bogat\u0105 palet\u0119 modnych kolor\u00f3w. Dzi\u0119ki wysokiej odporno\u015bci na mechacenie i pilling tkanina zachowuje nienaganny wygl\u0105d przez d\u0142ugi czas, doskonale sprawdzaj\u0105c si\u0119 nie tylko na meblach, ale i w formie dekoracyjnych dodatk\u00f3w. Materia\u0142 posiada certyfikat Pet-proof, co gwarantuje zwi\u0119kszon\u0105 wytrzyma\u0142o\u015b\u0107 na zaci\u0105gni\u0119cia pazurami i u\u0142atwia usuwanie sier\u015bci zwierz\u0105t domowych. Jest to idealny wyb\u00f3r dla os\u00f3b poszukuj\u0105cych estetycznego wzornictwa po\u0142\u0105czonego z praktycznymi rozwi\u0105zaniami do nowoczesnego wn\u0119trza.<\/span><\/h1>\t\t\t\t<\/div>\n\t\t\t\t<\/div>\n\t\t\t\t\t<\/div>\n\t\t<\/div>\n\t\t\t\t<div class=\"elementor-column elementor-col-50 elementor-inner-column elementor-element elementor-element-0cf0b5d\" data-id=\"0cf0b5d\" data-element_type=\"column\" data-e-type=\"column\">\n\t\t\t<div class=\"elementor-widget-wrap elementor-element-populated\">\n\t\t\t\t\t\t<div class=\"elementor-element elementor-element-9be4190 elementor-widget elementor-widget-image\" data-id=\"9be4190\" data-element_type=\"widget\" data-e-type=\"widget\" data-widget_type=\"image.default\">\n\t\t\t\t<div class=\"elementor-widget-container\">\n\t\t\t\t\t\t\t\t\t\t\t\t\t\t\t<img decoding=\"async\" width=\"527\" height=\"1024\" src=\"https:\/\/www.mebelonline.pl\/wp-content\/uploads\/2026\/01\/9-527x1024.jpg\" class=\"elementor-animation-grow attachment-large size-large wp-image-2443\" alt=\"\" srcset=\"https:\/\/www.mebelonline.pl\/wp-content\/uploads\/2026\/01\/9-527x1024.jpg 527w, https:\/\/www.mebelonline.pl\/wp-content\/uploads\/2026\/01\/9-154x300.jpg 154w, https:\/\/www.mebelonline.pl\/wp-content\/uploads\/2026\/01\/9-768x1492.jpg 768w, https:\/\/www.mebelonline.pl\/wp-content\/uploads\/2026\/01\/9-790x1536.jpg 790w, https:\/\/www.mebelonline.pl\/wp-content\/uploads\/2026\/01\/9-600x1166.jpg 600w, https:\/\/www.mebelonline.pl\/wp-content\/uploads\/2026\/01\/9.jpg 988w\" sizes=\"(max-width: 527px) 100vw, 527px\" \/>\t\t\t\t\t\t\t\t\t\t\t\t\t\t\t<\/div>\n\t\t\t\t<\/div>\n\t\t\t\t\t<\/div>\n\t\t<\/div>\n\t\t\t\t\t<\/div>\n\t\t<\/section>\n\t\t\t\t<section class=\"elementor-section elementor-inner-section elementor-element elementor-element-25344da elementor-section-boxed elementor-section-height-default elementor-section-height-default\" data-id=\"25344da\" data-element_type=\"section\" data-e-type=\"section\">\n\t\t\t\t\t\t<div class=\"elementor-container elementor-column-gap-default\">\n\t\t\t\t\t<div class=\"elementor-column elementor-col-50 elementor-inner-column elementor-element elementor-element-93df47e\" data-id=\"93df47e\" data-element_type=\"column\" data-e-type=\"column\">\n\t\t\t<div class=\"elementor-widget-wrap elementor-element-populated\">\n\t\t\t\t\t\t<div class=\"elementor-element elementor-element-bbd4b41 elementor-widget elementor-widget-heading\" data-id=\"bbd4b41\" data-element_type=\"widget\" data-e-type=\"widget\" data-widget_type=\"heading.default\">\n\t\t\t\t<div class=\"elementor-widget-container\">\n\t\t\t\t\t<h1 class=\"elementor-heading-title elementor-size-default\"><span style=\"font-size: 18px;letter-spacing: normal;white-space: normal\"><b>Tkanina Kronos <\/b><span style=\", sans-serif;font-size: 16px;letter-spacing: normal;white-space: normal\">-&nbsp;<\/span><span style=\"font-weight: 400;, sans-serif;font-size: 16px;letter-spacing: normal;white-space: normal\">&nbsp;mi\u0142e w dotyku w\u0142osie Same mikrow\u0142oski zmieniaj\u0105 r\u00f3wnie\u017c subtelnie swoje po\u0142o\u017cenie, gdy przejedzie si\u0119 po nich d\u0142oni\u0105, co dodaje materia\u0142owi pewnego uroku je\u017celi chodzi wygl\u0105d.<\/span><strong style=\"font-weight: bold;font-size: 18px;letter-spacing: normal;white-space: normal\"><br><\/strong><span style=\"font-weight: 400;, sans-serif;font-size: 16px;letter-spacing: normal;white-space: normal\">Tkanina Kronos to ekskluzywny materia\u0142 na tapicerk\u0119 meblow\u0105. Jest wyj\u0105tkowo mi\u0119kka, mi\u0142a w dotyku i pi\u0119knie si\u0119 mieni od \u015bwiat\u0142a. Wyst\u0119puje w wielu modnych i ponadczasowych kolorach.<\/span><\/span><\/h1>\t\t\t\t<\/div>\n\t\t\t\t<\/div>\n\t\t\t\t\t<\/div>\n\t\t<\/div>\n\t\t\t\t<div class=\"elementor-column elementor-col-50 elementor-inner-column elementor-element elementor-element-35c29e3\" data-id=\"35c29e3\" data-element_type=\"column\" data-e-type=\"column\">\n\t\t\t<div class=\"elementor-widget-wrap elementor-element-populated\">\n\t\t\t\t\t\t<div class=\"elementor-element elementor-element-7f216be elementor-widget__width-initial elementor-widget elementor-widget-image\" data-id=\"7f216be\" data-element_type=\"widget\" data-e-type=\"widget\" data-widget_type=\"image.default\">\n\t\t\t\t<div class=\"elementor-widget-container\">\n\t\t\t\t\t\t\t\t\t\t\t\t\t\t\t<img loading=\"lazy\" decoding=\"async\" width=\"509\" height=\"1024\" src=\"https:\/\/www.mebelonline.pl\/wp-content\/uploads\/2026\/01\/10-509x1024.jpg\" class=\"elementor-animation-grow attachment-large size-large wp-image-2444\" alt=\"\" srcset=\"https:\/\/www.mebelonline.pl\/wp-content\/uploads\/2026\/01\/10-509x1024.jpg 509w, https:\/\/www.mebelonline.pl\/wp-content\/uploads\/2026\/01\/10-149x300.jpg 149w, https:\/\/www.mebelonline.pl\/wp-content\/uploads\/2026\/01\/10-768x1546.jpg 768w, https:\/\/www.mebelonline.pl\/wp-content\/uploads\/2026\/01\/10-763x1536.jpg 763w, https:\/\/www.mebelonline.pl\/wp-content\/uploads\/2026\/01\/10-600x1208.jpg 600w, https:\/\/www.mebelonline.pl\/wp-content\/uploads\/2026\/01\/10.jpg 954w\" sizes=\"(max-width: 509px) 100vw, 509px\" \/>\t\t\t\t\t\t\t\t\t\t\t\t\t\t\t<\/div>\n\t\t\t\t<\/div>\n\t\t\t\t\t<\/div>\n\t\t<\/div>\n\t\t\t\t\t<\/div>\n\t\t<\/section>\n\t\t\t\t<section class=\"elementor-section elementor-inner-section elementor-element elementor-element-4c64f4e elementor-section-boxed elementor-section-height-default elementor-section-height-default\" data-id=\"4c64f4e\" data-element_type=\"section\" data-e-type=\"section\">\n\t\t\t\t\t\t<div class=\"elementor-container elementor-column-gap-default\">\n\t\t\t\t\t<div class=\"elementor-column elementor-col-50 elementor-inner-column elementor-element elementor-element-187e0bc\" data-id=\"187e0bc\" data-element_type=\"column\" data-e-type=\"column\">\n\t\t\t<div class=\"elementor-widget-wrap elementor-element-populated\">\n\t\t\t\t\t\t<div class=\"elementor-element elementor-element-c2426d2 elementor-widget elementor-widget-heading\" data-id=\"c2426d2\" data-element_type=\"widget\" data-e-type=\"widget\" data-widget_type=\"heading.default\">\n\t\t\t\t<div class=\"elementor-widget-container\">\n\t\t\t\t\t<h1 class=\"elementor-heading-title elementor-size-default\"><strong style=\"font-size: 18px;letter-spacing: normal;white-space: normal\">Tkanina Alfa&nbsp;<\/strong><span style=\", sans-serif;font-size: 16px;font-weight: 400;letter-spacing: normal;white-space: normal\">to odmiana pluszu, wzmocniona podk\u0142adem o melan\u017cowej fakturze. Ten wyra\u017any dwuton, dodaje tkaninie niezwyk\u0142ej elegancji. Opr\u00f3cz wysokich parametr\u00f3w technicznych (wysoka wytrzyma\u0142o\u015b\u0107), Alfa jest te\u017c bardzo mi\u0119kka i \u0142atwo poddaj\u0105ca si\u0119 uk\u0142adaniu.<\/span><\/h1>\t\t\t\t<\/div>\n\t\t\t\t<\/div>\n\t\t\t\t\t<\/div>\n\t\t<\/div>\n\t\t\t\t<div class=\"elementor-column elementor-col-50 elementor-inner-column elementor-element elementor-element-02080fb\" data-id=\"02080fb\" data-element_type=\"column\" data-e-type=\"column\">\n\t\t\t<div class=\"elementor-widget-wrap elementor-element-populated\">\n\t\t\t\t\t\t<div class=\"elementor-element elementor-element-75dc516 elementor-widget elementor-widget-image\" data-id=\"75dc516\" data-element_type=\"widget\" data-e-type=\"widget\" data-widget_type=\"image.default\">\n\t\t\t\t<div class=\"elementor-widget-container\">\n\t\t\t\t\t\t\t\t\t\t\t\t\t\t\t<img loading=\"lazy\" decoding=\"async\" width=\"576\" height=\"1024\" src=\"https:\/\/www.mebelonline.pl\/wp-content\/uploads\/2026\/01\/4-576x1024.jpg\" class=\"elementor-animation-grow attachment-large size-large wp-image-2435\" alt=\"\" srcset=\"https:\/\/www.mebelonline.pl\/wp-content\/uploads\/2026\/01\/4-576x1024.jpg 576w, https:\/\/www.mebelonline.pl\/wp-content\/uploads\/2026\/01\/4-169x300.jpg 169w, https:\/\/www.mebelonline.pl\/wp-content\/uploads\/2026\/01\/4-768x1365.jpg 768w, https:\/\/www.mebelonline.pl\/wp-content\/uploads\/2026\/01\/4-864x1536.jpg 864w, https:\/\/www.mebelonline.pl\/wp-content\/uploads\/2026\/01\/4-600x1067.jpg 600w, https:\/\/www.mebelonline.pl\/wp-content\/uploads\/2026\/01\/4.jpg 1080w\" sizes=\"(max-width: 576px) 100vw, 576px\" \/>\t\t\t\t\t\t\t\t\t\t\t\t\t\t\t<\/div>\n\t\t\t\t<\/div>\n\t\t\t\t\t<\/div>\n\t\t<\/div>\n\t\t\t\t\t<\/div>\n\t\t<\/section>\n\t\t\t\t<section class=\"elementor-section elementor-inner-section elementor-element elementor-element-528d24b elementor-section-boxed elementor-section-height-default elementor-section-height-default\" data-id=\"528d24b\" data-element_type=\"section\" data-e-type=\"section\">\n\t\t\t\t\t\t<div class=\"elementor-container elementor-column-gap-default\">\n\t\t\t\t\t<div class=\"elementor-column elementor-col-50 elementor-inner-column elementor-element elementor-element-8628935\" data-id=\"8628935\" data-element_type=\"column\" data-e-type=\"column\">\n\t\t\t<div class=\"elementor-widget-wrap elementor-element-populated\">\n\t\t\t\t\t\t<div class=\"elementor-element elementor-element-4ef5653 elementor-widget elementor-widget-heading\" data-id=\"4ef5653\" data-element_type=\"widget\" data-e-type=\"widget\" data-widget_type=\"heading.default\">\n\t\t\t\t<div class=\"elementor-widget-container\">\n\t\t\t\t\t<h1 class=\"elementor-heading-title elementor-size-default\"><strong style=\"font-size: 18px;letter-spacing: normal;white-space: normal\">Tkanina Bluwel<\/strong> <span style=\", sans-serif;font-size: 16px;font-weight: 400;letter-spacing: normal;white-space: normal\"> - znany r\u00f3wnie\u017c jako aksamit, to luksusowy i mi\u0119kki materia\u0142 o g\u0142adkiej powierzchni. Jest to tkanina, kt\u00f3ra charakteryzuje si\u0119 g\u0119stym runem, kt\u00f3ry nadaje jej mi\u0119kko\u015b\u0107, po\u0142ysk i wyj\u0105tkow\u0105 faktur\u0119. Ze wzgl\u0119du na d\u0142u\u017cszy w\u0142os tkanina si\u0119 mieni podczas u\u017cytkowania. Tkanina posiada bardzo dobr\u0105 odporno\u015b\u0107 na \u015bcieranie oraz mechacenie.<\/span><\/h1>\t\t\t\t<\/div>\n\t\t\t\t<\/div>\n\t\t\t\t\t<\/div>\n\t\t<\/div>\n\t\t\t\t<div class=\"elementor-column elementor-col-50 elementor-inner-column elementor-element elementor-element-54f1a33\" data-id=\"54f1a33\" data-element_type=\"column\" data-e-type=\"column\">\n\t\t\t<div class=\"elementor-widget-wrap elementor-element-populated\">\n\t\t\t\t\t\t<div class=\"elementor-element elementor-element-fcfd41e elementor-widget elementor-widget-image\" data-id=\"fcfd41e\" data-element_type=\"widget\" data-e-type=\"widget\" data-widget_type=\"image.default\">\n\t\t\t\t<div class=\"elementor-widget-container\">\n\t\t\t\t\t\t\t\t\t\t\t\t\t\t\t<img loading=\"lazy\" decoding=\"async\" width=\"533\" height=\"1024\" src=\"https:\/\/www.mebelonline.pl\/wp-content\/uploads\/2026\/01\/8-533x1024.jpg\" class=\"elementor-animation-grow attachment-large size-large wp-image-2445\" alt=\"\" srcset=\"https:\/\/www.mebelonline.pl\/wp-content\/uploads\/2026\/01\/8-533x1024.jpg 533w, https:\/\/www.mebelonline.pl\/wp-content\/uploads\/2026\/01\/8-156x300.jpg 156w, https:\/\/www.mebelonline.pl\/wp-content\/uploads\/2026\/01\/8-768x1475.jpg 768w, https:\/\/www.mebelonline.pl\/wp-content\/uploads\/2026\/01\/8-800x1536.jpg 800w, https:\/\/www.mebelonline.pl\/wp-content\/uploads\/2026\/01\/8-600x1152.jpg 600w, https:\/\/www.mebelonline.pl\/wp-content\/uploads\/2026\/01\/8.jpg 1000w\" sizes=\"(max-width: 533px) 100vw, 533px\" \/>\t\t\t\t\t\t\t\t\t\t\t\t\t\t\t<\/div>\n\t\t\t\t<\/div>\n\t\t\t\t\t<\/div>\n\t\t<\/div>\n\t\t\t\t\t<\/div>\n\t\t<\/section>\n\t\t\t\t<section class=\"elementor-section elementor-inner-section elementor-element elementor-element-9b9ff24 elementor-section-boxed elementor-section-height-default elementor-section-height-default\" data-id=\"9b9ff24\" data-element_type=\"section\" data-e-type=\"section\">\n\t\t\t\t\t\t<div class=\"elementor-container elementor-column-gap-default\">\n\t\t\t\t\t<div class=\"elementor-column elementor-col-50 elementor-inner-column elementor-element elementor-element-a76cce6\" data-id=\"a76cce6\" data-element_type=\"column\" data-e-type=\"column\">\n\t\t\t<div class=\"elementor-widget-wrap elementor-element-populated\">\n\t\t\t\t\t\t<div class=\"elementor-element elementor-element-be40150 elementor-widget elementor-widget-heading\" data-id=\"be40150\" data-element_type=\"widget\" data-e-type=\"widget\" data-widget_type=\"heading.default\">\n\t\t\t\t<div class=\"elementor-widget-container\">\n\t\t\t\t\t<h1 class=\"elementor-heading-title elementor-size-default\"><strong style=\"font-size: 18px;letter-spacing: normal;white-space: normal\">Tkanina Lux Sawana<\/strong> <span style=\", sans-serif;font-size: 16px;font-weight: 400;letter-spacing: normal;white-space: normal\">- modna plecionka o bardzo wysokiej odporno\u015bci na \u015bcieranie,  kt\u00f3rej ciekaw\u0105 struktur\u0119 i niejednolity kolor tworz\u0105 dwa odcienie nitek<\/h1>\t\t\t\t<\/div>\n\t\t\t\t<\/div>\n\t\t\t\t\t<\/div>\n\t\t<\/div>\n\t\t\t\t<div class=\"elementor-column elementor-col-50 elementor-inner-column elementor-element elementor-element-d5d6a39\" data-id=\"d5d6a39\" data-element_type=\"column\" data-e-type=\"column\">\n\t\t\t<div class=\"elementor-widget-wrap elementor-element-populated\">\n\t\t\t\t\t\t<div class=\"elementor-element elementor-element-2eee0c8 elementor-widget elementor-widget-image\" data-id=\"2eee0c8\" data-element_type=\"widget\" data-e-type=\"widget\" data-widget_type=\"image.default\">\n\t\t\t\t<div class=\"elementor-widget-container\">\n\t\t\t\t\t\t\t\t\t\t\t\t\t\t\t<img loading=\"lazy\" decoding=\"async\" width=\"720\" height=\"544\" src=\"https:\/\/www.mebelonline.pl\/wp-content\/uploads\/2023\/12\/3.jpg\" class=\"elementor-animation-grow attachment-large size-large wp-image-1021\" alt=\"\" srcset=\"https:\/\/www.mebelonline.pl\/wp-content\/uploads\/2023\/12\/3.jpg 720w, https:\/\/www.mebelonline.pl\/wp-content\/uploads\/2023\/12\/3-300x227.jpg 300w, https:\/\/www.mebelonline.pl\/wp-content\/uploads\/2023\/12\/3-600x453.jpg 600w\" sizes=\"(max-width: 720px) 100vw, 720px\" \/>\t\t\t\t\t\t\t\t\t\t\t\t\t\t\t<\/div>\n\t\t\t\t<\/div>\n\t\t\t\t\t<\/div>\n\t\t<\/div>\n\t\t\t\t\t<\/div>\n\t\t<\/section>\n\t\t\t\t\t<\/div>\n\t\t<\/div>\n\t\t\t\t\t<\/div>\n\t\t<\/section>\n\t\t\t\t<\/div>\n\t\t","protected":false},"excerpt":{"rendered":"<p>Wybieraj barwy oraz rodzaje tkanin i tw\u00f3rz meble dopasowane do Twoich potrzeb. Salvador &#8211;&nbsp;tkanina meblowa, welurowa, wyprodukowana w technologii ograniczaj\u0105cej&hellip;<\/p>\n","protected":false},"author":5,"featured_media":0,"parent":0,"menu_order":0,"comment_status":"closed","ping_status":"closed","template":"","meta":{"footnotes":""},"class_list":["post-978","page","type-page","status-publish","hentry"],"jetpack_sharing_enabled":true,"_links":{"self":[{"href":"https:\/\/www.mebelonline.pl\/index.php?rest_route=\/wp\/v2\/pages\/978","targetHints":{"allow":["GET"]}}],"collection":[{"href":"https:\/\/www.mebelonline.pl\/index.php?rest_route=\/wp\/v2\/pages"}],"about":[{"href":"https:\/\/www.mebelonline.pl\/index.php?rest_route=\/wp\/v2\/types\/page"}],"author":[{"embeddable":true,"href":"https:\/\/www.mebelonline.pl\/index.php?rest_route=\/wp\/v2\/users\/5"}],"replies":[{"embeddable":true,"href":"https:\/\/www.mebelonline.pl\/index.php?rest_route=%2Fwp%2Fv2%2Fcomments&post=978"}],"version-history":[{"count":77,"href":"https:\/\/www.mebelonline.pl\/index.php?rest_route=\/wp\/v2\/pages\/978\/revisions"}],"predecessor-version":[{"id":2553,"href":"https:\/\/www.mebelonline.pl\/index.php?rest_route=\/wp\/v2\/pages\/978\/revisions\/2553"}],"wp:attachment":[{"href":"https:\/\/www.mebelonline.pl\/index.php?rest_route=%2Fwp%2Fv2%2Fmedia&parent=978"}],"curies":[{"name":"wp","href":"https:\/\/api.w.org\/{rel}","templated":true}]}}