{"id":1168,"date":"2024-04-01T20:46:38","date_gmt":"2024-04-01T18:46:38","guid":{"rendered":"http:\/\/mebelonline.pl\/?post_type=product&#038;p=1168"},"modified":"2026-01-10T21:28:09","modified_gmt":"2026-01-10T20:28:09","slug":"fotel-uszak-hornel-pufa-w-9-kolorach","status":"publish","type":"product","link":"https:\/\/www.mebelonline.pl\/?product=fotel-uszak-hornel-pufa-w-9-kolorach","title":{"rendered":"Fotel uszak Hornel + pufa &#8211; odcienie g\u0142\u0119bi oceanu"},"content":{"rendered":"<p>Do produkcji Hornela u\u017cyta zosta\u0142a wysokiej jako\u015bci tkanina Salvador. Jej specjalne w\u0142a\u015bciwo\u015bci sprawiaj\u0105, i\u017c kolor mebla nie jest ca\u0142kowicie jednolity, a tworzy raczej mieszank\u0119 ciep\u0142ych odcieni i barw. Swojemu finezyjnemu kszta\u0142towi Hornel zawdzi\u0119cza z kolei wygod\u0119. Sk\u0142adaj\u0105 si\u0119 na ni\u0105 takie czynniki jak odpowiednio wysokie pod\u0142okietniki, dobrze wyprofilowane oparcie i mi\u0119kkie siedzisko.<\/p>\n<p><b>Tkaniny obiciowe do wyboru:<\/b> nasza szeroka oferta tkanin pozwala dopasowa\u0107 rodzaj tkaniny i jej kolor praktycznie do ka\u017cdego pomieszczenia, w dowolnej aran\u017cacji. Wystarczy wybra\u0107 w\u0142a\u015bciwy odcie\u0144 i rodzaj tkaniny z naszej <a href=\"https:\/\/www.mebelonline.pl\/?page_id=978\"><strong>palety wzornik\u00f3w<\/strong> klikaj\u0105c<strong> tutaj<\/strong><\/a> lub sprawdzi\u0107 nasze pozosta\u0142e oferty. Prosimy pami\u0119ta\u0107 o wpisaniu nazwy wybranych tkanin i numeru barw w wiadomo\u015bci w czasie sk\u0142adania zam\u00f3wienia.<br \/>\n<b>Niniejsza oferta obejmuje fotel + podn\u00f3\u017cek o odcieniach g\u0142\u0119bi oceanu.<\/b><\/p>\n<p>&nbsp;<\/p>\n<p><b>Wymiary:<\/b><\/p>\n<ul>\n<li>szeroko\u015b\u0107:\u00a0<b>81 cm<\/b><\/li>\n<li>g\u0142\u0119boko\u015b\u0107:\u00a0<b>80 cm<\/b><\/li>\n<li>wysoko\u015b\u0107 ca\u0142kowita:\u00a0<b>105 cm<\/b><\/li>\n<li>wysoko\u015b\u0107 siedziska od ziemi:\u00a0<b>44 cm<\/b><\/li>\n<li>szeroko\u015b\u0107 siedziska:\u00a0<b>47 cm (prz\u00f3d) i 40 cm (ty\u0142)<\/b><\/li>\n<li>g\u0142\u0119boko\u015b\u0107 siedziska:\u00a0<b>55 cm<\/b><\/li>\n<li>wysoko\u015b\u0107 oparcia:\u00a0<b>71 cm<\/b><\/li>\n<li><b>pufa 44x44cm<\/b><\/li>\n<\/ul>\n<p>&nbsp;<\/p>\n<p><b>Wykonanie:<\/b><\/p>\n<ul>\n<li>Stela\u017c:\u00a0 \u00a0 \u00a0 \u00a0\u00a0drewno i p\u0142yta meblowa,<\/li>\n<li>Siedzisko:\u00a0\u00a0pas\u00a0elastyczny, pianka <strong>3 cm<\/strong> t25 + poducha t-30 <strong>9 cm<\/strong><\/li>\n<li>Oparcie: \u00a0 \u00a0\u00a0pasy elastyczne pianka t-25 <strong>8 cm<\/strong><\/li>\n<li>Stopy\/n\u00f3\u017cki:\u00a0<strong>21 cm<\/strong> (prz\u00f3d) i <strong>16 cm<\/strong> (ty\u0142)<\/li>\n<\/ul>\n<p>* do ka\u017cdego fotela poduszka\u00a0<b>GRATIS<\/b>!<\/p>\n<p>* przy zakupie prosimy o wpisanie wybranego koloru n\u00f3\u017cek w informacji dla sprzedaj\u0105cego &#8211; na zdj\u0119ciu od lewej: czarny, buk, orzech, bia\u0142y.<\/p>\n<p>&nbsp;<\/p>\n<p><b>Towar wysy\u0142any bardzo dobrze zabezpieczony w kartonie.\u00a0<\/b>Meble dostarczamy w ca\u0142o\u015bci, aby zaoszcz\u0119dzi\u0107 Pa\u0144stwu pracy i nerw\u00f3w, a do wkr\u0119cenia pozostaj\u0105 tylko n\u00f3\u017cki.<\/p>\n<p><b>Poniewa\u017c<\/b>\u00a0<b>kwesti\u0119 mebli tapicerowanych traktujemy bardzo powa\u017cnie, tworzymy je u\u017cywaj\u0105c wysokiej klasy materia\u0142\u00f3w, daj\u0105c gwarancj\u0119 dobrego stosunku jako\u015bci do ceny.<\/b><\/p>\n<p>Rzeczywisty kolor produktu mo\u017ce odbiega\u0107 od widocznego na zdj\u0119ciu w zale\u017cno\u015bci od ustawie\u0144 wy\u015bwietlacza.<\/p>\n","protected":false},"excerpt":{"rendered":"<p><strong>Fotel Hornel to symbol wygody w nowoczesnym stylu, kt\u00f3ry znajdzie zastosowanie zar\u00f3wno w salonach, gabinetach, pokojach dla go\u015bci, jak i w mniejszych pomieszczeniach i zwyk\u0142ych pokojach. Jest to mebel wszechstronny, harmonijnie \u0142\u0105cz\u0105cy ze sob\u0105 klasyczn\u0105 funkcjonalno\u015b\u0107 i nowoczesny styl.<\/strong><\/p>\n","protected":false},"featured_media":1169,"comment_status":"open","ping_status":"closed","template":"","meta":[],"product_brand":[],"product_cat":[15,23],"product_tag":[176,179,173],"class_list":{"0":"post-1168","1":"product","2":"type-product","3":"status-publish","4":"has-post-thumbnail","6":"product_cat-uncategorized","7":"product_cat-fotele","8":"product_tag-jasny-kolor","9":"product_tag-jednokolorowy","10":"product_tag-niebieski","12":"first","13":"instock","14":"featured","15":"shipping-taxable","16":"purchasable","17":"product-type-simple"},"jetpack_sharing_enabled":true,"_links":{"self":[{"href":"https:\/\/www.mebelonline.pl\/index.php?rest_route=\/wp\/v2\/product\/1168","targetHints":{"allow":["GET"]}}],"collection":[{"href":"https:\/\/www.mebelonline.pl\/index.php?rest_route=\/wp\/v2\/product"}],"about":[{"href":"https:\/\/www.mebelonline.pl\/index.php?rest_route=\/wp\/v2\/types\/product"}],"replies":[{"embeddable":true,"href":"https:\/\/www.mebelonline.pl\/index.php?rest_route=%2Fwp%2Fv2%2Fcomments&post=1168"}],"wp:featuredmedia":[{"embeddable":true,"href":"https:\/\/www.mebelonline.pl\/index.php?rest_route=\/wp\/v2\/media\/1169"}],"wp:attachment":[{"href":"https:\/\/www.mebelonline.pl\/index.php?rest_route=%2Fwp%2Fv2%2Fmedia&parent=1168"}],"wp:term":[{"taxonomy":"product_brand","embeddable":true,"href":"https:\/\/www.mebelonline.pl\/index.php?rest_route=%2Fwp%2Fv2%2Fproduct_brand&post=1168"},{"taxonomy":"product_cat","embeddable":true,"href":"https:\/\/www.mebelonline.pl\/index.php?rest_route=%2Fwp%2Fv2%2Fproduct_cat&post=1168"},{"taxonomy":"product_tag","embeddable":true,"href":"https:\/\/www.mebelonline.pl\/index.php?rest_route=%2Fwp%2Fv2%2Fproduct_tag&post=1168"}],"curies":[{"name":"wp","href":"https:\/\/api.w.org\/{rel}","templated":true}]}}