{"id":1191,"date":"2024-04-07T13:43:17","date_gmt":"2024-04-07T11:43:17","guid":{"rendered":"http:\/\/mebelonline.pl\/?post_type=product&#038;p=1191"},"modified":"2026-01-10T21:27:42","modified_gmt":"2026-01-10T20:27:42","slug":"sofa-uszak-kepl-3-osobowa","status":"publish","type":"product","link":"https:\/\/www.mebelonline.pl\/?product=sofa-uszak-kepl-3-osobowa","title":{"rendered":"Sofa uszak Kepl &#8211; 3 osobowa"},"content":{"rendered":"<p>Sofa Kepl \u015bwietnie sprawdzi si\u0119 w gabinecie, uprzyjemni salonowe dyskusje przy fili\u017cance kawy oraz zapewni komfort w czasie wieczornego czytania ksi\u0105\u017cek. Jest na tyle du\u017ca, \u017ce zmieszcz\u0105 si\u0119 na niej trzy osoby.<\/p>\n<p><b>Tkaniny obiciowe do wyboru:<\/b> nasza szeroka oferta tkanin pozwala dopasowa\u0107 rodzaj tkaniny i jej kolor praktycznie do ka\u017cdego pomieszczenia, w dowolnej aran\u017cacji. Wystarczy wybra\u0107 w\u0142a\u015bciwy odcie\u0144 i rodzaj tkaniny z naszej <a href=\"https:\/\/www.mebelonline.pl\/?page_id=978\"><strong>palety wzornik\u00f3w<\/strong> klikaj\u0105c<strong> tutaj<\/strong><\/a> lub sprawdzi\u0107 nasze pozosta\u0142e oferty. Prosimy pami\u0119ta\u0107 o wpisaniu nazwy wybranych tkanin i numeru barw w wiadomo\u015bci w czasie sk\u0142adania zam\u00f3wienia.<\/p>\n<p><b>Kolory n\u00f3g do wyboru (od lewej):<\/b>\u00a0bia\u0142y, buk, czarny, orzech.<\/p>\n<p><strong>Niniejsza oferta dotyczy wersalki w eleganckim, br\u0105zowym kolorze.<\/strong><\/p>\n<p>&nbsp;<\/p>\n<p><b>Wymiary:<\/b><\/p>\n<ul>\n<li>szeroko\u015b\u0107: <strong>168 cm<\/strong><\/li>\n<li>g\u0142\u0119boko\u015b\u0107:\u00a0<b>90 cm<\/b><\/li>\n<li>wysoko\u015b\u0107 ca\u0142kowita:\u00a0<b>104 cm<\/b><\/li>\n<li>wysoko\u015b\u0107 siedziska od ziemi:\u00a0<b>40 cm<\/b><\/li>\n<li>szeroko\u015b\u0107 siedziska<b>: 145 cm<\/b><\/li>\n<li>g\u0142\u0119boko\u015b\u0107 siedziska:<b> 56 cm<\/b><\/li>\n<\/ul>\n<p><b>Wykonanie:<\/b><\/p>\n<ul>\n<li>Stela\u017c:\u00a0 \u00a0 \u00a0 \u00a0\u00a0drewno i p\u0142yta meblowa<\/li>\n<li>Siedzisko:\u00a0\u00a0spr\u0119\u017cyna falista, pianka t-30 <strong>9 cm<\/strong><\/li>\n<li>Oparcie: \u00a0 \u00a0\u00a0pasy elastyczne, pianka t-25 <strong>9 cm<\/strong><\/li>\n<\/ul>\n<p>&nbsp;<\/p>\n<p><b>Towar dostarczamy naszym w\u0142asnym transportem wi\u0119c jest pewno\u015b\u0107 \u017ce wszystko przebiegnie sprawnie i bezproblemowo.\u00a0<\/b>Meble dostarczamy w ca\u0142o\u015bci, aby zaoszcz\u0119dzi\u0107 Pa\u0144stwu pracy i nerw\u00f3w, a do wkr\u0119cenia pozostaj\u0105 tylko n\u00f3\u017cki. Us\u0142uga dodatkowa &#8211; <strong>kierowca\u00a0 pomaga przy wniesieniu i monta\u017cu mebli<\/strong>. Ze strony klienta wymagana jest obecno\u015b\u0107 jednej osoby do pomocy przy wniesieniu. <strong>Koszt 90 PLN<\/strong><\/p>\n<p><b>Poniewa\u017c<\/b>\u00a0<b>kwesti\u0119 mebli tapicerowanych traktujemy bardzo powa\u017cnie, tworzymy je u\u017cywaj\u0105c wysokiej klasy materia\u0142\u00f3w, daj\u0105c gwarancj\u0119 dobrego stosunku jako\u015bci do ceny.<\/b><\/p>\n<p>Rzeczywisty kolor produktu mo\u017ce odbiega\u0107 od widocznego na zdj\u0119ciu w zale\u017cno\u015bci od ustawie\u0144 wy\u015bwietlacza.<\/p>\n","protected":false},"excerpt":{"rendered":"<p><b>Wygodne siedzisko, stylowo wygi\u0119te pod\u0142okietniki oraz szerokie oparcie sprawiaj\u0105, \u017ce nasza sofa uszak Kepl to doskona\u0142e uzupe\u0142nienie wielu wn\u0119trz.<\/b><\/p>\n","protected":false},"featured_media":1194,"comment_status":"open","ping_status":"closed","template":"","meta":[],"product_brand":[],"product_cat":[27],"product_tag":[172,177,179],"class_list":{"0":"post-1191","1":"product","2":"type-product","3":"status-publish","4":"has-post-thumbnail","6":"product_cat-wersalki-kanapy-tapczany","7":"product_tag-brazowy","8":"product_tag-ciemny-kolor","9":"product_tag-jednokolorowy","11":"first","12":"instock","13":"featured","14":"shipping-taxable","15":"purchasable","16":"product-type-simple"},"jetpack_sharing_enabled":true,"_links":{"self":[{"href":"https:\/\/www.mebelonline.pl\/index.php?rest_route=\/wp\/v2\/product\/1191","targetHints":{"allow":["GET"]}}],"collection":[{"href":"https:\/\/www.mebelonline.pl\/index.php?rest_route=\/wp\/v2\/product"}],"about":[{"href":"https:\/\/www.mebelonline.pl\/index.php?rest_route=\/wp\/v2\/types\/product"}],"replies":[{"embeddable":true,"href":"https:\/\/www.mebelonline.pl\/index.php?rest_route=%2Fwp%2Fv2%2Fcomments&post=1191"}],"wp:featuredmedia":[{"embeddable":true,"href":"https:\/\/www.mebelonline.pl\/index.php?rest_route=\/wp\/v2\/media\/1194"}],"wp:attachment":[{"href":"https:\/\/www.mebelonline.pl\/index.php?rest_route=%2Fwp%2Fv2%2Fmedia&parent=1191"}],"wp:term":[{"taxonomy":"product_brand","embeddable":true,"href":"https:\/\/www.mebelonline.pl\/index.php?rest_route=%2Fwp%2Fv2%2Fproduct_brand&post=1191"},{"taxonomy":"product_cat","embeddable":true,"href":"https:\/\/www.mebelonline.pl\/index.php?rest_route=%2Fwp%2Fv2%2Fproduct_cat&post=1191"},{"taxonomy":"product_tag","embeddable":true,"href":"https:\/\/www.mebelonline.pl\/index.php?rest_route=%2Fwp%2Fv2%2Fproduct_tag&post=1191"}],"curies":[{"name":"wp","href":"https:\/\/api.w.org\/{rel}","templated":true}]}}