{"id":1511,"date":"2024-11-30T12:29:46","date_gmt":"2024-11-30T11:29:46","guid":{"rendered":"https:\/\/www.mebelonline.pl\/?post_type=product&#038;p=1511"},"modified":"2026-01-10T21:20:29","modified_gmt":"2026-01-10T20:20:29","slug":"kanapa-uszak-kepl-2-poduszki-wzmocniona-ekoskora-nappatech-sky","status":"publish","type":"product","link":"https:\/\/www.mebelonline.pl\/?product=kanapa-uszak-kepl-2-poduszki-wzmocniona-ekoskora-nappatech-sky","title":{"rendered":"Kanapa uszak Kepl + 2 poduszki &#8211; wzmocniona ekosk\u00f3ra NAPPATECH Sky"},"content":{"rendered":"<p><b>Funkcjonalna wersalka<\/b> wykonana jest z najwy\u017cszej jako\u015bci materia\u0142\u00f3w, a ponadto wzmocniona warstw\u0105 podtrzymuj\u0105c\u0105, pozwalaj\u0105c\u0105 zachowa\u0107 spr\u0119\u017cysto\u015b\u0107 i wygod\u0119 przez d\u0142ugie lata u\u017cytkowania. Wersalka zawiera pojemnik na po\u015bciel, a dodatkowo jest \u0142atwa w utrzymaniu porz\u0105dku &#8211; stoi na wysokich nogach (13 cm), co u\u0142atwia sprz\u0105tanie powierzchni pod meblem.<\/p>\n<p>Nasze wersalki, produkowane z trosk\u0105 o detale i jako\u015b\u0107, <strong>ciesz\u0105 si\u0119 zaufaniem szpitali w ca\u0142ej Polsce<\/strong>. Rzemie\u015blnicza precyzja, sprawdzone materia\u0142y i praktyczne rozwi\u0105zania sprawiaj\u0105, \u017ce Kepl to wyb\u00f3r na lata \u2013 zar\u00f3wno do u\u017cytku domowego, jak i profesjonalnego.<\/p>\n<p>&nbsp;<\/p>\n<p>Cechy:<\/p>\n<ul>\n<li>rozk\u0142adana<\/li>\n<li>pojemnik na po\u015bciel<\/li>\n<li>n\u00f3\u017cki 13 cm &#8211; 4 kolory<\/li>\n<li>spr\u0119\u017cyny bonell<\/li>\n<li>2x du\u017ce poduszki GRATIS<\/li>\n<li>d\u0142uga \u017cywotno\u015b\u0107<\/li>\n<\/ul>\n<p>Meble dostarczamy w\u0142asnym transportem, dlatego gwarantujemy, \u017ce towar dojedzie nieuszkodzony i bezproblemowo.<\/p>\n<p>&nbsp;<\/p>\n<p><b>Kolory n\u00f3g do wyboru (od lewej):<\/b> bia\u0142y, buk, czarny, orzech.<\/p>\n<p><b>Kolory tkanin do wyboru:<\/b> <strong>wybierz odpowiedni\u0105 barw\u0119 <\/strong><b>wzmocnionej ekosk\u00f3ry NAPPATECH, idealnej do u\u017cytku w obiektach medycznych wpisuj\u0105c jej nazw\u0119 w wiadomo\u015bci podczas sk\u0142adania zam\u00f3wienia.\u00a0<\/b>Je\u015bli szukasz wersalki Kepl do u\u017cytku domowego <a href=\"https:\/\/www.mebelonline.pl\/?product=kanapa-uszak\">kliknij link tutaj<\/a><\/p>\n<p>&nbsp;<\/p>\n<p><b>NAPPATECH ECOSK\u00d3RA<\/b>\u00a0\u2013 to materia\u0142, kt\u00f3ry \u0142\u0105czy elegancj\u0119 naturalnej sk\u00f3ry z wytrzyma\u0142o\u015bci\u0105 i \u0142atwo\u015bci\u0105 utrzymania. Odporna na plamy, \u015bcieranie oraz \u015brodki dezynfekuj\u0105ce, doskonale sprawdzi si\u0119 w plac\u00f3wkach, kt\u00f3re wymagaj\u0105 zar\u00f3wno estetyki, jak i higieny. Dzi\u0119ki bogatej palecie kolor\u00f3w, mebel mo\u017cna dopasowa\u0107 do ka\u017cdego wn\u0119trza, w tym do recepcji, sal szpitalnych czy gabinet\u00f3w.<\/p>\n<p>&nbsp;<\/p>\n<p>Us\u0142uga dodatkowa &#8211; <strong>kierowca\u00a0 pomaga przy wniesieniu i monta\u017cu mebli<\/strong>. Ze strony klienta wymagana jest obecno\u015b\u0107 jednej osoby do pomocy przy wniesieniu. <strong>Koszt 90 PLN<\/strong><\/p>\n<p>Rzeczywisty kolor produktu mo\u017ce odbiega\u0107 od widocznego na zdj\u0119ciu w zale\u017cno\u015bci od ustawie\u0144 wy\u015bwietlacza.<\/p>\n","protected":false},"excerpt":{"rendered":"<p><strong>Wersalka Kepl to esencja nowoczesnego wzornictwa i niezr\u00f3wnanej funkcjonalno\u015bci. Jej solidna konstrukcja, oparta na drewnianym stela\u017cu i spr\u0119\u017cynach typu bonell, gwarantuje trwa\u0142o\u015b\u0107 i wygod\u0119 u\u017cytkowania nawet w wymagaj\u0105cych warunkach. Teraz dost\u0119pna r\u00f3wnie\u017c w obiciu z innowacyjnej tkaniny NAPPATECH EKOSK\u00d3RA, idealnej dla przestrzeni medycznych.<\/strong><\/p>\n","protected":false},"featured_media":1514,"comment_status":"open","ping_status":"closed","template":"","meta":[],"product_brand":[],"product_cat":[169,27],"product_tag":[179,173],"class_list":{"0":"post-1511","1":"product","2":"type-product","3":"status-publish","4":"has-post-thumbnail","6":"product_cat-komplety-wypoczynkowe","7":"product_cat-wersalki-kanapy-tapczany","8":"product_tag-jednokolorowy","9":"product_tag-niebieski","11":"first","12":"instock","13":"featured","14":"shipping-taxable","15":"purchasable","16":"product-type-simple"},"jetpack_sharing_enabled":true,"_links":{"self":[{"href":"https:\/\/www.mebelonline.pl\/index.php?rest_route=\/wp\/v2\/product\/1511","targetHints":{"allow":["GET"]}}],"collection":[{"href":"https:\/\/www.mebelonline.pl\/index.php?rest_route=\/wp\/v2\/product"}],"about":[{"href":"https:\/\/www.mebelonline.pl\/index.php?rest_route=\/wp\/v2\/types\/product"}],"replies":[{"embeddable":true,"href":"https:\/\/www.mebelonline.pl\/index.php?rest_route=%2Fwp%2Fv2%2Fcomments&post=1511"}],"wp:featuredmedia":[{"embeddable":true,"href":"https:\/\/www.mebelonline.pl\/index.php?rest_route=\/wp\/v2\/media\/1514"}],"wp:attachment":[{"href":"https:\/\/www.mebelonline.pl\/index.php?rest_route=%2Fwp%2Fv2%2Fmedia&parent=1511"}],"wp:term":[{"taxonomy":"product_brand","embeddable":true,"href":"https:\/\/www.mebelonline.pl\/index.php?rest_route=%2Fwp%2Fv2%2Fproduct_brand&post=1511"},{"taxonomy":"product_cat","embeddable":true,"href":"https:\/\/www.mebelonline.pl\/index.php?rest_route=%2Fwp%2Fv2%2Fproduct_cat&post=1511"},{"taxonomy":"product_tag","embeddable":true,"href":"https:\/\/www.mebelonline.pl\/index.php?rest_route=%2Fwp%2Fv2%2Fproduct_tag&post=1511"}],"curies":[{"name":"wp","href":"https:\/\/api.w.org\/{rel}","templated":true}]}}