{"id":1535,"date":"2025-02-02T14:59:15","date_gmt":"2025-02-02T13:59:15","guid":{"rendered":"https:\/\/www.mebelonline.pl\/?post_type=product&#038;p=1535"},"modified":"2026-01-10T21:20:17","modified_gmt":"2026-01-10T20:20:17","slug":"lozko-kontynentalne-moon-z-2-pojemnikami-na-posciel","status":"publish","type":"product","link":"https:\/\/www.mebelonline.pl\/?product=lozko-kontynentalne-moon-z-2-pojemnikami-na-posciel","title":{"rendered":"\u0141\u00f3\u017cko kontynentalne Moon z 2 pojemnikami na po\u015bciel"},"content":{"rendered":"<p><strong>Wymiary:<\/strong><br \/>\n\u2022 Powierzchnia spania: <strong>196 cm x 164 cm<\/strong><br \/>\n\u2022 Wysoko\u015b\u0107 spania: <strong>50 cm<\/strong><br \/>\n\u2022 Ca\u0142kowita d\u0142ugo\u015b\u0107: <strong>200 cm<\/strong><br \/>\n\u2022 Wysoko\u015b\u0107 zag\u0142\u00f3wka: <strong>110 cm<\/strong><\/p>\n<p>&nbsp;<\/p>\n<p>\u0141\u00f3\u017cko zosta\u0142o wyposa\u017cone w <strong>dwa pojemniki na po\u015bciel<\/strong>, kt\u00f3re otwieraj\u0105 si\u0119 na boki. Dzi\u0119ki zastosowaniu <strong>automatu spr\u0119\u017cynowego<\/strong>, podnoszenie skrzyni jest niezwykle proste i nie wymaga du\u017cego wysi\u0142ku. <strong>Wysokie, tapicerowane wezg\u0142owie<\/strong> zapewnia wygodne oparcie podczas czytania lub ogl\u0105dania telewizji, jednocze\u015bnie nadaj\u0105c ca\u0142o\u015bci elegancki wygl\u0105d.<\/p>\n<p>Dzi\u0119ki solidnemu wykonaniu i przemy\u015blanej konstrukcji \u0142\u00f3\u017cko b\u0119dzie doskona\u0142ym uzupe\u0142nieniem nowoczesnych i klasycznych wn\u0119trz, \u0142\u0105cz\u0105c estetyk\u0119 z funkcjonalno\u015bci\u0105.<\/p>\n<p>&nbsp;<\/p>\n<p><b>Tkaniny obiciowe do wyboru:<\/b> nasza szeroka oferta tkanin pozwala dopasowa\u0107 rodzaj tkaniny i jej kolor praktycznie do ka\u017cdego pomieszczenia, w dowolnej aran\u017cacji. Wystarczy wybra\u0107 w\u0142a\u015bciwy odcie\u0144 i rodzaj tkaniny z naszej <a href=\"https:\/\/www.mebelonline.pl\/?page_id=978\"><strong>palety wzornik\u00f3w<\/strong> klikaj\u0105c<strong> tutaj<\/strong><\/a> lub sprawdzi\u0107 nasze pozosta\u0142e oferty. Prosimy pami\u0119ta\u0107 o wpisaniu nazwy wybranych tkanin i numeru barw w wiadomo\u015bci w czasie sk\u0142adania zam\u00f3wienia.<\/p>\n<p><strong>Niniejsza oferta dotyczy \u0142\u00f3\u017cka w ponadczasowym, niebieskim kolorze.<\/strong><\/p>\n<p>&nbsp;<\/p>\n<p><strong>Towar dostarczamy naszym w\u0142asnym transportem wi\u0119c jest pewno\u015b\u0107 \u017ce wszystko przebiegnie sprawnie i bezproblemowo.\u00a0<\/strong>Meble dostarczamy w ca\u0142o\u015bci, aby zaoszcz\u0119dzi\u0107 Pa\u0144stwu pracy i nerw\u00f3w, a do wkr\u0119cenia pozostaj\u0105 tylko n\u00f3\u017cki.<\/p>\n<p>Us\u0142uga dodatkowa &#8211; <strong>kierowca\u00a0 pomaga przy wniesieniu i monta\u017cu mebli<\/strong>. Ze strony klienta wymagana jest obecno\u015b\u0107 jednej osoby do pomocy przy wniesieniu. <strong>Koszt 90 PLN<\/strong><\/p>\n<p><strong>Poniewa\u017c<\/strong>\u00a0<strong>kwesti\u0119 mebli tapicerowanych traktujemy bardzo powa\u017cnie, tworzymy je u\u017cywaj\u0105c wysokiej klasy materia\u0142\u00f3w, daj\u0105c gwarancj\u0119 dobrego stosunku jako\u015bci do ceny.<\/strong><\/p>\n<p>Rzeczywisty kolor produktu mo\u017ce odbiega\u0107 od widocznego na zdj\u0119ciu w zale\u017cno\u015bci od ustawie\u0144 wy\u015bwietlacza.<\/p>\n","protected":false},"excerpt":{"rendered":"<p><strong>Stylowe i funkcjonalne \u0142\u00f3\u017cko tapicerowane to doskona\u0142y wyb\u00f3r dla os\u00f3b ceni\u0105cych wygod\u0119 i praktyczne rozwi\u0105zania w sypialni. Przemy\u015blana konstrukcja zapewnia komfortowy sen i u\u0142atwia organizacj\u0119 przestrzeni.<\/strong><\/p>\n","protected":false},"featured_media":1537,"comment_status":"open","ping_status":"closed","template":"","meta":[],"product_brand":[],"product_cat":[27],"product_tag":[177,179,173],"class_list":{"0":"post-1535","1":"product","2":"type-product","3":"status-publish","4":"has-post-thumbnail","6":"product_cat-wersalki-kanapy-tapczany","7":"product_tag-ciemny-kolor","8":"product_tag-jednokolorowy","9":"product_tag-niebieski","11":"first","12":"instock","13":"featured","14":"shipping-taxable","15":"purchasable","16":"product-type-simple"},"jetpack_sharing_enabled":true,"_links":{"self":[{"href":"https:\/\/www.mebelonline.pl\/index.php?rest_route=\/wp\/v2\/product\/1535","targetHints":{"allow":["GET"]}}],"collection":[{"href":"https:\/\/www.mebelonline.pl\/index.php?rest_route=\/wp\/v2\/product"}],"about":[{"href":"https:\/\/www.mebelonline.pl\/index.php?rest_route=\/wp\/v2\/types\/product"}],"replies":[{"embeddable":true,"href":"https:\/\/www.mebelonline.pl\/index.php?rest_route=%2Fwp%2Fv2%2Fcomments&post=1535"}],"wp:featuredmedia":[{"embeddable":true,"href":"https:\/\/www.mebelonline.pl\/index.php?rest_route=\/wp\/v2\/media\/1537"}],"wp:attachment":[{"href":"https:\/\/www.mebelonline.pl\/index.php?rest_route=%2Fwp%2Fv2%2Fmedia&parent=1535"}],"wp:term":[{"taxonomy":"product_brand","embeddable":true,"href":"https:\/\/www.mebelonline.pl\/index.php?rest_route=%2Fwp%2Fv2%2Fproduct_brand&post=1535"},{"taxonomy":"product_cat","embeddable":true,"href":"https:\/\/www.mebelonline.pl\/index.php?rest_route=%2Fwp%2Fv2%2Fproduct_cat&post=1535"},{"taxonomy":"product_tag","embeddable":true,"href":"https:\/\/www.mebelonline.pl\/index.php?rest_route=%2Fwp%2Fv2%2Fproduct_tag&post=1535"}],"curies":[{"name":"wp","href":"https:\/\/api.w.org\/{rel}","templated":true}]}}