{"id":1765,"date":"2025-06-17T21:16:58","date_gmt":"2025-06-17T19:16:58","guid":{"rendered":"https:\/\/www.mebelonline.pl\/?post_type=product&#038;p=1765"},"modified":"2026-01-10T21:18:53","modified_gmt":"2026-01-10T20:18:53","slug":"duza-pufa-podnozek-do-uszaka-kepl-z-pojemnikiem-60x40cm","status":"publish","type":"product","link":"https:\/\/www.mebelonline.pl\/?product=duza-pufa-podnozek-do-uszaka-kepl-z-pojemnikiem-60x40cm","title":{"rendered":"Du\u017ca pufa podn\u00f3\u017cek do uszaka Kepl z pojemnikiem 60x40cm"},"content":{"rendered":"<div class=\"mpof_ki myre_zn myre_8v_l m389_6m_l\">\n<div class=\"mp4t_16_s mryx_16_s mr3m_1 mli2_1 mh85_56 mh85_0_l\">\n<div class=\"mgn2_16 _0d3bd_am0a-\">\n<p>Szeroki wyb\u00f3r tkanin i kolor\u00f3w u\u0142atwia dopasowanie mebla do ka\u017cdego wystroju. Pozosta\u0142e dost\u0119pne opcje mo\u017cna znale\u017a\u0107 w naszych innych ofertach.<\/p>\n<p><b>Niniejsza oferta dotyczy podn\u00f3\u017cka wykonanego z tkaniny como w eleganckim szarym kolorze.<\/b><\/p>\n<p><b>Kolory n\u00f3g do wyboru (od lewej):<\/b>\u00a0bia\u0142y, buk, czarny, orzech.<\/p>\n<ul>\n<li>siedzisko 60&#215;40 cm<\/li>\n<li>wysoko\u015b\u0107 40 cm<\/li>\n<li>pojemnik w \u015brodku<\/li>\n<li>na siedzisku pianka 7 cm<\/li>\n<\/ul>\n<p>Na \u017cyczenie &#8211; mo\u017cliwo\u015b\u0107 wyprodukowania bez schowka.<\/p>\n<p>Rzeczywisty kolor produktu mo\u017ce odbiega\u0107 od widocznego na zdj\u0119ciu w zale\u017cno\u015bci od ustawie\u0144 wy\u015bwietlacza.<\/p>\n<\/div>\n<\/div>\n<\/div>\n","protected":false},"excerpt":{"rendered":"<div class=\"mp4t_16_s mryx_16_s mr3m_1 mli2_1 mh85_56 mh85_0_l\">\n<div class=\"mgn2_16 _0d3bd_r3bCg\">\n<p>Je\u015bli chcesz sprawi\u0107, \u017ceby wygoda p\u0142yn\u0105ca z siedzenia na fotelu uszak by\u0142a jeszcze wi\u0119ksza, to jeste\u015b we w\u0142a\u015bciwym miejscu! Dzi\u0119ki doskonale dopasowanej wysoko\u015bci naszego podn\u00f3\u017cka, i<strong>dealnie wsp\u00f3\u0142gra on z naszymi fotelami Kep<\/strong>l, dzi\u0119ki czemu zapewni\u0107 mo\u017ce idealny odpoczynek dla n\u00f3g.<\/p>\n<p>Podn\u00f3\u017cek \u015bwietnie sprawdzi si\u0119 r\u00f3wnie\u017c jako pufa, kt\u00f3r\u0105 wykorzysta\u0107 mo\u017cna w pokoju dzieci\u0119cym lub w salonie. Zawiera te\u017c schowany w \u015brodku pojemnik na drobne rzeczy, dzi\u0119ki kt\u00f3remu potrzebne drobiazgi b\u0119d\u0105 zawsze pod r\u0119k\u0105.<\/p>\n<\/div>\n<\/div>\n","protected":false},"featured_media":1766,"comment_status":"open","ping_status":"closed","template":"","meta":[],"product_brand":[],"product_cat":[98],"product_tag":[176,179,115],"class_list":{"0":"post-1765","1":"product","2":"type-product","3":"status-publish","4":"has-post-thumbnail","6":"product_cat-podnozki","7":"product_tag-jasny-kolor","8":"product_tag-jednokolorowy","9":"product_tag-szary","11":"first","12":"instock","13":"featured","14":"shipping-taxable","15":"purchasable","16":"product-type-simple"},"jetpack_sharing_enabled":true,"_links":{"self":[{"href":"https:\/\/www.mebelonline.pl\/index.php?rest_route=\/wp\/v2\/product\/1765","targetHints":{"allow":["GET"]}}],"collection":[{"href":"https:\/\/www.mebelonline.pl\/index.php?rest_route=\/wp\/v2\/product"}],"about":[{"href":"https:\/\/www.mebelonline.pl\/index.php?rest_route=\/wp\/v2\/types\/product"}],"replies":[{"embeddable":true,"href":"https:\/\/www.mebelonline.pl\/index.php?rest_route=%2Fwp%2Fv2%2Fcomments&post=1765"}],"wp:featuredmedia":[{"embeddable":true,"href":"https:\/\/www.mebelonline.pl\/index.php?rest_route=\/wp\/v2\/media\/1766"}],"wp:attachment":[{"href":"https:\/\/www.mebelonline.pl\/index.php?rest_route=%2Fwp%2Fv2%2Fmedia&parent=1765"}],"wp:term":[{"taxonomy":"product_brand","embeddable":true,"href":"https:\/\/www.mebelonline.pl\/index.php?rest_route=%2Fwp%2Fv2%2Fproduct_brand&post=1765"},{"taxonomy":"product_cat","embeddable":true,"href":"https:\/\/www.mebelonline.pl\/index.php?rest_route=%2Fwp%2Fv2%2Fproduct_cat&post=1765"},{"taxonomy":"product_tag","embeddable":true,"href":"https:\/\/www.mebelonline.pl\/index.php?rest_route=%2Fwp%2Fv2%2Fproduct_tag&post=1765"}],"curies":[{"name":"wp","href":"https:\/\/api.w.org\/{rel}","templated":true}]}}