{"id":1778,"date":"2025-06-17T21:46:53","date_gmt":"2025-06-17T19:46:53","guid":{"rendered":"https:\/\/www.mebelonline.pl\/?post_type=product&#038;p=1778"},"modified":"2026-01-10T21:17:21","modified_gmt":"2026-01-10T20:17:21","slug":"pikowana-kwadratowa-pufa-szary-i-zielony-otwierana-z-pojemnikiem","status":"publish","type":"product","link":"https:\/\/www.mebelonline.pl\/?product=pikowana-kwadratowa-pufa-szary-i-zielony-otwierana-z-pojemnikiem","title":{"rendered":"Pikowana kwadratowa pufa szary i zielony &#8211; otwierana z pojemnikiem"},"content":{"rendered":"<p>Tworz\u0105c nasze pufy staramy si\u0119 \u0142\u0105czy\u0107 lekko\u015b\u0107 z trwa\u0142o\u015bci\u0105, co pozwala na korzystanie z mebla zar\u00f3wno m\u0142odszym u\u017cytkownikom, jak i doros\u0142ym. Zapewniamy przy tym dobry stosunek jako\u015bci do ceny.<\/p>\n<p>Wykonane z wysokiej jako\u015bci materia\u0142\u00f3w, nasze pufy s\u0105 stabilne i wytrzyma\u0142e (testowane do 100 kg), ale co r\u00f3wnie wa\u017cne &#8211; mo\u017cna je dopasowa\u0107 kolorystycznie do ka\u017cdego pomieszczenia dzi\u0119ki szerokiemu wyborowi tkanin. Pozosta\u0142e dost\u0119pne opcje mo\u017cna znale\u017a\u0107 w naszych innych ofertach.<\/p>\n<p><b>Niniejsza oferta obejmuje puf\u0119 pokryt\u0105 tkanin\u0105 w kolorach szarym i zielonym.<\/b><\/p>\n<p>Wykonanie i wymiary:<\/p>\n<ul>\n<li>Wysoko\u015b\u0107: 36 cm,<\/li>\n<li>Szeroko\u015b\u0107: 40 cm,<\/li>\n<li>G\u0142\u0119boko\u015b\u0107: 32 cm,<\/li>\n<li>Waga: 8 kg,<\/li>\n<li>stela\u017c: drewno, p\u0142yta pil\u015bniowa, wi\u00f3rowa mdf,<\/li>\n<li>siedzisko: pianka 8 do 10 cm,<\/li>\n<li>okr\u0105g\u0142e, czarne stopki (5 cm) dla lepszej stabilno\u015bci.<\/li>\n<\/ul>\n<p>Ka\u017cda z puf posiada <strong>tapicerowany pojemnik<\/strong>, kt\u00f3ry z pewno\u015bci\u0105 przyda si\u0119 na r\u00f3\u017cne drobiazgi.<\/p>\n<p>Rzeczywisty kolor produktu mo\u017ce odbiega\u0107 od widocznego na zdj\u0119ciu w zale\u017cno\u015bci od ustawie\u0144 wy\u015bwietlacza.<\/p>\n","protected":false},"excerpt":{"rendered":"<p><strong>Pufy kwadratowe to por\u0119czne i praktyczne meble, kt\u00f3re oka\u017c\u0105 si\u0119 szczeg\u00f3lnie przydatne w pokojach dzieci\u0119cych i w hotelach, a tak\u017ce wsz\u0119dzie tam, gdzie potrzebne s\u0105 dodatkowe siedzenia dla go\u015bci. Dzi\u0119ki niewielkim rozmiarom pomog\u0105 te\u017c zaoszcz\u0119dzi\u0107 przestrze\u0144 w lokalach na wynajem.<\/strong><\/p>\n","protected":false},"featured_media":1779,"comment_status":"open","ping_status":"closed","template":"","meta":[],"product_brand":[],"product_cat":[39],"product_tag":[177,180,115,175],"class_list":{"0":"post-1778","1":"product","2":"type-product","3":"status-publish","4":"has-post-thumbnail","6":"product_cat-pufy","7":"product_tag-ciemny-kolor","8":"product_tag-dwukolorowy","9":"product_tag-szary","10":"product_tag-odcienie-zieleni","12":"first","13":"instock","14":"featured","15":"shipping-taxable","16":"purchasable","17":"product-type-simple"},"jetpack_sharing_enabled":true,"_links":{"self":[{"href":"https:\/\/www.mebelonline.pl\/index.php?rest_route=\/wp\/v2\/product\/1778","targetHints":{"allow":["GET"]}}],"collection":[{"href":"https:\/\/www.mebelonline.pl\/index.php?rest_route=\/wp\/v2\/product"}],"about":[{"href":"https:\/\/www.mebelonline.pl\/index.php?rest_route=\/wp\/v2\/types\/product"}],"replies":[{"embeddable":true,"href":"https:\/\/www.mebelonline.pl\/index.php?rest_route=%2Fwp%2Fv2%2Fcomments&post=1778"}],"wp:featuredmedia":[{"embeddable":true,"href":"https:\/\/www.mebelonline.pl\/index.php?rest_route=\/wp\/v2\/media\/1779"}],"wp:attachment":[{"href":"https:\/\/www.mebelonline.pl\/index.php?rest_route=%2Fwp%2Fv2%2Fmedia&parent=1778"}],"wp:term":[{"taxonomy":"product_brand","embeddable":true,"href":"https:\/\/www.mebelonline.pl\/index.php?rest_route=%2Fwp%2Fv2%2Fproduct_brand&post=1778"},{"taxonomy":"product_cat","embeddable":true,"href":"https:\/\/www.mebelonline.pl\/index.php?rest_route=%2Fwp%2Fv2%2Fproduct_cat&post=1778"},{"taxonomy":"product_tag","embeddable":true,"href":"https:\/\/www.mebelonline.pl\/index.php?rest_route=%2Fwp%2Fv2%2Fproduct_tag&post=1778"}],"curies":[{"name":"wp","href":"https:\/\/api.w.org\/{rel}","templated":true}]}}