{"id":2071,"date":"2025-10-08T22:07:17","date_gmt":"2025-10-08T20:07:17","guid":{"rendered":"https:\/\/www.mebelonline.pl\/?post_type=product&#038;p=2071"},"modified":"2026-04-12T10:41:26","modified_gmt":"2026-04-12T08:41:26","slug":"komplet-wypoczynkowy-kepl-kanapa-2x-fotel-2x-podnozek-rdzawy","status":"publish","type":"product","link":"https:\/\/www.mebelonline.pl\/?product=komplet-wypoczynkowy-kepl-kanapa-2x-fotel-2x-podnozek-rdzawy","title":{"rendered":"Komplet wypoczynkowy Kepl &#8211; kanapa + 2x fotel + 2x podn\u00f3\u017cek z pojemnikiem &#8211; rdzawy"},"content":{"rendered":"<div class=\"mpof_ki myre_zn myre_8v_l m389_6m_l\">\n<div class=\"mp4t_16_s mryx_16_s mr3m_1 mli2_1 mh85_56 mh85_0_l\">\n<div class=\"mgn2_16 _0d3bd_am0a-\">\n<p><b>W sk\u0142ad kompletu wchodz\u0105:<\/b><\/p>\n<ul>\n<li>wersalka \/ kanapa uszak<\/li>\n<li>2 szt. fotel uszak<\/li>\n<li>2 szt. podn\u00f3\u017cek<\/li>\n<li>2 poduszki GRATIS do wersalki<\/li>\n<li>2 poduszki GRATIS do foteli (po jednej na ka\u017cdy fotel)<\/li>\n<\/ul>\n<p><b>Tkaniny obiciowe do wyboru:<\/b> nasza szeroka oferta tkanin pozwala dopasowa\u0107 rodzaj tkaniny i jej kolor praktycznie do ka\u017cdego pomieszczenia, w dowolnej aran\u017cacji. Wystarczy wybra\u0107 w\u0142a\u015bciwy odcie\u0144 i rodzaj tkaniny z naszej <a href=\"https:\/\/www.mebelonline.pl\/?page_id=978\"><strong>palety wzornik\u00f3w<\/strong> klikaj\u0105c<strong> tutaj<\/strong><\/a> lub sprawdzi\u0107 nasze pozosta\u0142e oferty. Pami\u0119ta\u0107 nale\u017cy o wpisaniu nazwy wybranych tkanin i numeru barw w wiadomo\u015bci w czasie sk\u0142adania zam\u00f3wienia.<\/p>\n<p><strong>Niniejsza oferta dotyczy kompletu wypoczynkowego w pi\u0119knym, rdzawym kolorze.<\/strong><\/p>\n<p><b>Kolory n\u00f3g do wyboru (od lewej):<\/b>\u00a0bia\u0142y, buk, czarny, orzech.<\/p>\n<hr \/>\n<p>Meble dostarczamy w\u0142asnym transportem, dlatego gwarantujemy, \u017ce towar dojedzie nieuszkodzony i bezproblemowo. Us\u0142uga dodatkowa &#8211; <strong>kierowca\u00a0 pomaga przy wniesieniu i monta\u017cu mebli<\/strong>. Ze strony klienta wymagana jest obecno\u015b\u0107 jednej osoby do pomocy przy wniesieniu. <strong>Koszt 90 PLN<\/strong><\/p>\n<\/div>\n<\/div>\n<div class=\"mp4t_16_s mryx_16_s mr3m_1 mli2_1 mh85_56 mh85_0_l\">\n<div class=\"mg9e_8 mj7a_8 mg9e_0_s mvrt_0_s mj7a_0_s mh36_0_s mzmg_6m munh_16_l m3h2_16_l\">\n<div class=\"mp4t_0 mryx_0 munh_56 m3h2_56\">\n<div class=\"mp7g_oh\">\n<hr \/>\n<\/div>\n<\/div>\n<\/div>\n<\/div>\n<\/div>\n<div class=\"mpof_ki myre_zn myre_8v_l m389_6m_l\">\n<div class=\"mp4t_16_s mryx_16_s mr3m_1 mli2_1 mh85_56 mh85_0_l\">\n<div class=\"mgn2_16 _0d3bd_am0a-\">\n<p><b>Funkcjonalna wersalka<\/b>\u00a0wykonana jest z najwy\u017cszej jako\u015bci materia\u0142\u00f3w, a ponadto wzmocniona warstw\u0105 podtrzymuj\u0105c\u0105, pozwalaj\u0105c\u0105 zachowa\u0107 spr\u0119\u017cysto\u015b\u0107 i wygod\u0119 przez d\u0142ugie lata u\u017cytkowania. Wersalka zawiera pojemnik na po\u015bciel, a dodatkowo jest \u0142atwa w utrzymaniu porz\u0105dku &#8211; stoi na wysokich nogach (13 cm), co u\u0142atwia sprz\u0105tanie powierzchni pod meblem.<\/p>\n<ul>\n<li>rozk\u0142adana<\/li>\n<li>pojemnik na po\u015bciel<\/li>\n<li>n\u00f3\u017cki 13 cm &#8211; 4 kolory<\/li>\n<li>spr\u0119\u017cyny bonell<\/li>\n<li>2x du\u017ce poduszki GRATIS<\/li>\n<li>d\u0142uga \u017cywotno\u015b\u0107<\/li>\n<\/ul>\n<\/div>\n<\/div>\n<div class=\"mp4t_16_s mryx_16_s mr3m_1 mli2_1 mh85_56 mh85_0_l\">\n<div class=\"mg9e_8 mj7a_8 mg9e_0_s mvrt_0_s mj7a_0_s mh36_0_s mzmg_6m munh_16_l m3h2_16_l\">\n<div class=\"mp4t_0 mryx_0 munh_56 m3h2_56\">\n<div class=\"mp7g_oh\">\n<hr \/>\n<\/div>\n<\/div>\n<\/div>\n<\/div>\n<\/div>\n<div class=\"mpof_ki myre_zn myre_8v_l m389_6m_l\">\n<div class=\"mp4t_16_s mryx_16_s mr3m_1 mli2_1 mh85_56 mh85_0_l\">\n<div class=\"mgn2_16 _0d3bd_am0a-\">\n<p><b>Dwa fotele uszak Kepl<\/b> dzi\u0119ki wygodnemu siedzisku, stylowo wygi\u0119tym pod\u0142okietnikom oraz szerokiemu oparciu, doskonale uzupe\u0142nienia komplet z niniejszej oferty, tym bardziej, \u017ce do zestawu do\u0142\u0105czane s\u0105 r\u00f3wnie\u017c przydatne podn\u00f3\u017cki.<\/p>\n<ul>\n<li>szeroko\u015b\u0107: 80 cm<\/li>\n<li>g\u0142\u0119boko\u015b\u0107: 90 cm<\/li>\n<li>wysoko\u015b\u0107 ca\u0142kowita: 104 cm<\/li>\n<li>wysoko\u015b\u0107 siedziska od ziemi: 40 cm<\/li>\n<li>Stela\u017c: drewno i p\u0142yta meblowa<\/li>\n<li>Siedzisko: spr\u0119\u017cyna falista, pianka t-30 9 cm<\/li>\n<li>Oparcie: pasy elastyczne, pianka t-25 9 cm<\/li>\n<\/ul>\n<hr \/>\n<p><b>Dwa podn\u00f3\u017cki:<\/b><\/p>\n<ul>\n<li>siedzisko 44&#215;44 cm<\/li>\n<li>wysoko\u015b\u0107 42 cm<\/li>\n<li>pojemnik w \u015brodku<\/li>\n<li>na siedzisku pianka 7 cm<\/li>\n<\/ul>\n<p>&nbsp;<\/p>\n<p>Rzeczywisty kolor produktu mo\u017ce odbiega\u0107 od widocznego na zdj\u0119ciu w zale\u017cno\u015bci od ustawie\u0144 wy\u015bwietlacza.<\/p>\n<\/div>\n<\/div>\n<\/div>\n","protected":false},"excerpt":{"rendered":"<div class=\"mp4t_16_s mryx_16_s mr3m_1 mli2_1 mh85_56 mh85_0_l\">\n<div class=\"mgn2_16 _0d3bd_r3bCg\">\n<p><strong>Odpr\u0119\u017caj\u0105ca drzemka po pracy? Chwila relaksu z ksi\u0105\u017ck\u0105? Ulubiony program w telewizji? Poranna kawa? A mo\u017ce odpoczynek w gronie przyjaci\u00f3\u0142? Z naszym kompletem wypoczynkowym Kepl ka\u017cda chwila staje si\u0119 przyjemniejsza.<\/strong><\/p>\n<\/div>\n<\/div>\n","protected":false},"featured_media":2065,"comment_status":"open","ping_status":"closed","template":"","meta":[],"product_brand":[],"product_cat":[169],"product_tag":[176,179,191],"class_list":{"0":"post-2071","1":"product","2":"type-product","3":"status-publish","4":"has-post-thumbnail","6":"product_cat-komplety-wypoczynkowe","7":"product_tag-jasny-kolor","8":"product_tag-jednokolorowy","9":"product_tag-rdzawy","11":"first","12":"instock","13":"featured","14":"shipping-taxable","15":"purchasable","16":"product-type-simple"},"jetpack_sharing_enabled":true,"_links":{"self":[{"href":"https:\/\/www.mebelonline.pl\/index.php?rest_route=\/wp\/v2\/product\/2071","targetHints":{"allow":["GET"]}}],"collection":[{"href":"https:\/\/www.mebelonline.pl\/index.php?rest_route=\/wp\/v2\/product"}],"about":[{"href":"https:\/\/www.mebelonline.pl\/index.php?rest_route=\/wp\/v2\/types\/product"}],"replies":[{"embeddable":true,"href":"https:\/\/www.mebelonline.pl\/index.php?rest_route=%2Fwp%2Fv2%2Fcomments&post=2071"}],"wp:featuredmedia":[{"embeddable":true,"href":"https:\/\/www.mebelonline.pl\/index.php?rest_route=\/wp\/v2\/media\/2065"}],"wp:attachment":[{"href":"https:\/\/www.mebelonline.pl\/index.php?rest_route=%2Fwp%2Fv2%2Fmedia&parent=2071"}],"wp:term":[{"taxonomy":"product_brand","embeddable":true,"href":"https:\/\/www.mebelonline.pl\/index.php?rest_route=%2Fwp%2Fv2%2Fproduct_brand&post=2071"},{"taxonomy":"product_cat","embeddable":true,"href":"https:\/\/www.mebelonline.pl\/index.php?rest_route=%2Fwp%2Fv2%2Fproduct_cat&post=2071"},{"taxonomy":"product_tag","embeddable":true,"href":"https:\/\/www.mebelonline.pl\/index.php?rest_route=%2Fwp%2Fv2%2Fproduct_tag&post=2071"}],"curies":[{"name":"wp","href":"https:\/\/api.w.org\/{rel}","templated":true}]}}