{"id":2160,"date":"2025-11-09T12:15:26","date_gmt":"2025-11-09T11:15:26","guid":{"rendered":"https:\/\/www.mebelonline.pl\/?post_type=product&#038;p=2160"},"modified":"2026-03-01T11:14:28","modified_gmt":"2026-03-01T10:14:28","slug":"fotel-uszak-kepl-pufa-ciemny-antracyt","status":"publish","type":"product","link":"https:\/\/www.mebelonline.pl\/?product=fotel-uszak-kepl-pufa-ciemny-antracyt","title":{"rendered":"Fotel uszak Kepl + pufa z pojemnikiem ciemny antracyt"},"content":{"rendered":"<p>Przedstawiamy kompletny zestaw: <b>fotel Kepl z podn\u00f3\u017ckiem <\/b>(pufa z pojemnikiem na drobiazgi) w kolorze<b> ciemnego antracytu. <\/b>Fotel i podn\u00f3\u017cek pokrywa sk\u00f3ropodobna tkanina obiciowa, ceniona za jej mi\u0119kko\u015b\u0107 i elegancki, matowy wygl\u0105d. To materia\u0142, kt\u00f3ry jest trwa\u0142y i \u0142atwy w piel\u0119gnacji.<\/p>\n<p>&nbsp;<\/p>\n<p>\ud83c\udf81<strong> Twoje Dodatkowe Korzy\u015bci<\/strong><\/p>\n<ul>\n<li>Dajemy mo\u017cliwo\u015b\u0107<strong> p\u0142atno\u015bci przy odbiorze,<\/strong><\/li>\n<li>Dostawa jest <strong>darmowa,<\/strong><\/li>\n<li>Do ka\u017cdego fotela poduszka <b>GRATIS<\/b>!<\/li>\n<li><b>Towar wysy\u0142any w jednej paczce. <\/b>Do wkr\u0119cenia pozostaj\u0105 tylko n\u00f3\u017cki.<\/li>\n<\/ul>\n<p>&nbsp;<\/p>\n<p>\ud83d\udcd0 <strong>Wymiary:<\/strong><\/p>\n<ul>\n<li>szeroko\u015b\u0107: 80 cm<\/li>\n<li>g\u0142\u0119boko\u015b\u0107: 90 cm<\/li>\n<li>wysoko\u015b\u0107 ca\u0142kowita: 104 cm<\/li>\n<li>wysoko\u015b\u0107 siedziska od ziemi: 40 cm<\/li>\n<li>pufa 44&#215;44 cm otwierana<\/li>\n<\/ul>\n<p><b>\ud83d\udee0\ufe0f Wykonanie:<\/b><\/p>\n<ul>\n<li>Stela\u017c:\u00a0drewno i p\u0142yta meblowa,<\/li>\n<li>Siedzisko:\u00a0spr\u0119\u017cyna falista, pianka t-30 9 cm,<\/li>\n<li>Oparcie: pasy elastyczne, pianka t-25 8 cm,<\/li>\n<\/ul>\n<p>* przy zakupie prosimy o wpisanie wybranego koloru n\u00f3\u017cek w informacji dla sprzedaj\u0105cego &#8211; (od lewej): bia\u0142y, buk, czarny, orzech.<\/p>\n<p>Poniewa\u017c kwesti\u0119 mebli tapicerowanych traktujemy bardzo powa\u017cnie, tworzymy je u\u017cywaj\u0105c<b> wysokiej klasy materia\u0142\u00f3w, daj\u0105c gwarancj\u0119 dobrego stosunku jako\u015bci do ceny.<\/b><\/p>\n<p>Rzeczywisty kolor produktu mo\u017ce odbiega\u0107 od widocznego na zdj\u0119ciu w zale\u017cno\u015bci od ustawie\u0144 wy\u015bwietlacza.<\/p>\n","protected":false},"excerpt":{"rendered":"<p><b>Wygodne siedzisko, stylowo wygi\u0119te pod\u0142okietniki oraz szerokie oparcie sprawiaj\u0105, \u017ce nasz fotel uszak Kepl to doskona\u0142e uzupe\u0142nienie wielu wn\u0119trz. Do\u0142\u0105czony do niego podn\u00f3\u017cek pozwala w jeszcze wi\u0119kszym stopniu odpr\u0119\u017cy\u0107 si\u0119 i zrelaksowa\u0107, a tak\u017ce dodaje ca\u0142o\u015bci estetycznego dope\u0142nienia.<\/b><br \/>\n\u015awietnie sprawdzi si\u0119 w gabinecie, uprzyjemni salonowe dyskusje przy fili\u017cance kawy oraz zapewni komfort w czasie wieczornego czytania ksi\u0105\u017cek w sypialni.<\/p>\n","protected":false},"featured_media":2172,"comment_status":"open","ping_status":"closed","template":"","meta":[],"product_brand":[],"product_cat":[23,98],"product_tag":[177,179],"class_list":{"0":"post-2160","1":"product","2":"type-product","3":"status-publish","4":"has-post-thumbnail","6":"product_cat-fotele","7":"product_cat-podnozki","8":"product_tag-ciemny-kolor","9":"product_tag-jednokolorowy","11":"first","12":"instock","13":"featured","14":"shipping-taxable","15":"purchasable","16":"product-type-simple"},"jetpack_sharing_enabled":true,"_links":{"self":[{"href":"https:\/\/www.mebelonline.pl\/index.php?rest_route=\/wp\/v2\/product\/2160","targetHints":{"allow":["GET"]}}],"collection":[{"href":"https:\/\/www.mebelonline.pl\/index.php?rest_route=\/wp\/v2\/product"}],"about":[{"href":"https:\/\/www.mebelonline.pl\/index.php?rest_route=\/wp\/v2\/types\/product"}],"replies":[{"embeddable":true,"href":"https:\/\/www.mebelonline.pl\/index.php?rest_route=%2Fwp%2Fv2%2Fcomments&post=2160"}],"wp:featuredmedia":[{"embeddable":true,"href":"https:\/\/www.mebelonline.pl\/index.php?rest_route=\/wp\/v2\/media\/2172"}],"wp:attachment":[{"href":"https:\/\/www.mebelonline.pl\/index.php?rest_route=%2Fwp%2Fv2%2Fmedia&parent=2160"}],"wp:term":[{"taxonomy":"product_brand","embeddable":true,"href":"https:\/\/www.mebelonline.pl\/index.php?rest_route=%2Fwp%2Fv2%2Fproduct_brand&post=2160"},{"taxonomy":"product_cat","embeddable":true,"href":"https:\/\/www.mebelonline.pl\/index.php?rest_route=%2Fwp%2Fv2%2Fproduct_cat&post=2160"},{"taxonomy":"product_tag","embeddable":true,"href":"https:\/\/www.mebelonline.pl\/index.php?rest_route=%2Fwp%2Fv2%2Fproduct_tag&post=2160"}],"curies":[{"name":"wp","href":"https:\/\/api.w.org\/{rel}","templated":true}]}}