{"id":2304,"date":"2025-12-09T14:33:40","date_gmt":"2025-12-09T13:33:40","guid":{"rendered":"https:\/\/www.mebelonline.pl\/?post_type=product&#038;p=2304"},"modified":"2026-04-12T10:42:00","modified_gmt":"2026-04-12T08:42:00","slug":"kwiecisty-komplet-wypoczynkowy-kepl-kanapa-wersalka-fotel-podnozek","status":"publish","type":"product","link":"https:\/\/www.mebelonline.pl\/?product=kwiecisty-komplet-wypoczynkowy-kepl-kanapa-wersalka-fotel-podnozek","title":{"rendered":"Kwiecisty komplet wypoczynkowy Kepl &#8211; kanapa\/wersalka + fotel + podn\u00f3\u017cek z pojemnikiem"},"content":{"rendered":"<p><b>W sk\u0142ad kompletu wchodz\u0105:<\/b><\/p>\n<ul>\n<li><b>wersalka \/ kanapa uszak Kepl<\/b><\/li>\n<li><b>1 fotel uszak Kepl<\/b><\/li>\n<li><strong>1 podn\u00f3\u017cek<\/strong><\/li>\n<li>2 poduszki <strong>GRATIS<\/strong> do wersalki<\/li>\n<li>2 poduszki <strong>GRATIS<\/strong> do foteli (jedna do jednego fotela)<\/li>\n<\/ul>\n<p>&nbsp;<\/p>\n<p><b>Tkaniny obiciowe do wyboru:<\/b> nasza szeroka oferta tkanin pozwala dopasowa\u0107 rodzaj tkaniny i jej kolor praktycznie do ka\u017cdego pomieszczenia, w dowolnej aran\u017cacji. Wystarczy wybra\u0107 w\u0142a\u015bciwy odcie\u0144 i rodzaj tkaniny z naszej <a href=\"https:\/\/www.mebelonline.pl\/?page_id=978\"><strong>palety wzornik\u00f3w<\/strong> klikaj\u0105c<strong> tutaj<\/strong><\/a> lub sprawdzi\u0107 nasze pozosta\u0142e oferty. Pami\u0119ta\u0107 nale\u017cy o wpisaniu nazwy wybranych tkanin i numeru barw w wiadomo\u015bci w czasie sk\u0142adania zam\u00f3wienia.<\/p>\n<p><strong>Niniejsza oferta dotyczy zestawu mebli w pi\u0119knym, kwiecistym wzorze.\u00a0<\/strong><\/p>\n<p><b>Kolory n\u00f3g do wyboru (od lewej):<\/b> bia\u0142y, buk, czarny, orzech. Przy zakupie prosimy o wpisanie wybranego koloru n\u00f3\u017cek w informacji dla sprzedaj\u0105cego.<\/p>\n<p>&nbsp;<\/p>\n<p><b>Funkcjonalna wersalka<\/b>\u00a0wykonana jest z najwy\u017cszej jako\u015bci materia\u0142\u00f3w, a ponadto wzmocniona warstw\u0105 podtrzymuj\u0105c\u0105, pozwalaj\u0105c\u0105 zachowa\u0107 spr\u0119\u017cysto\u015b\u0107 i wygod\u0119 przez d\u0142ugie lata u\u017cytkowania. Wersalka zawiera pojemnik na po\u015bciel, a dodatkowo jest \u0142atwa w utrzymaniu porz\u0105dku &#8211; stoi na wysokich nogach (13 cm), co u\u0142atwia sprz\u0105tanie powierzchni pod meblem.<\/p>\n<ul>\n<li>rozk\u0142adana<\/li>\n<li>pojemnik na po\u015bciel<\/li>\n<li>n\u00f3\u017cki 13 cm &#8211; 4 kolory<\/li>\n<li>spr\u0119\u017cyny bonell<\/li>\n<li>2x du\u017ce poduszki GRATIS<\/li>\n<li>d\u0142uga \u017cywotno\u015b\u0107<\/li>\n<\/ul>\n<p>&nbsp;<\/p>\n<p><b>Fotel uszak<\/b> dzi\u0119ki wygodnemu siedzisku, stylowo wygi\u0119tym pod\u0142okietnikom oraz szerokiemu oparciu, doskonale uzupe\u0142nienia komplet z niniejszej oferty.<\/p>\n<ul>\n<li>szeroko\u015b\u0107: 80 cm<\/li>\n<li>g\u0142\u0119boko\u015b\u0107: 90 cm<\/li>\n<li>wysoko\u015b\u0107 ca\u0142kowita: 104 cm<\/li>\n<li>wysoko\u015b\u0107 siedziska od ziemi: 40 cm<\/li>\n<li>Stela\u017c: drewno i p\u0142yta meblowa<\/li>\n<li>Siedzisko: spr\u0119\u017cyna falista, pianka t-30 9 cm<\/li>\n<li>Oparcie: pasy elastyczne, pianka t-25 9 cm<\/li>\n<\/ul>\n<p>&nbsp;<\/p>\n<p><b>Pufa \/ podn\u00f3\u017cek:<\/b><\/p>\n<ul>\n<li>siedzisko 44&#215;44 cm<\/li>\n<li>wysoko\u015b\u0107 42 cm<\/li>\n<li>pojemnik w \u015brodku<\/li>\n<li>na siedzisku pianka 7 cm<\/li>\n<\/ul>\n<p>&nbsp;<\/p>\n<p>&nbsp;<\/p>\n<p><b>Towar dostarczamy naszym w\u0142asnym transportem wi\u0119c jest pewno\u015b\u0107 \u017ce wszystko przebiegnie sprawnie i bezproblemowo.\u00a0<\/b>Meble dostarczamy w ca\u0142o\u015bci, aby zaoszcz\u0119dzi\u0107 Pa\u0144stwu pracy i nerw\u00f3w, a do wkr\u0119cenia pozostaj\u0105 tylko n\u00f3\u017cki. Us\u0142uga dodatkowa &#8211; <strong>kierowca\u00a0 pomaga przy wniesieniu i monta\u017cu mebli<\/strong>. Ze strony klienta wymagana jest obecno\u015b\u0107 jednej osoby do pomocy przy wniesieniu. <strong>Koszt 90 PLN<\/strong><\/p>\n<p><b>Poniewa\u017c<\/b>\u00a0<b>kwesti\u0119 mebli tapicerowanych traktujemy bardzo powa\u017cnie, tworzymy je u\u017cywaj\u0105c wysokiej klasy materia\u0142\u00f3w, daj\u0105c gwarancj\u0119 dobrego stosunku jako\u015bci do ceny.<\/b><\/p>\n<p>Rzeczywisty kolor produktu mo\u017ce odbiega\u0107 od widocznego na zdj\u0119ciu w zale\u017cno\u015bci od ustawie\u0144 wy\u015bwietlacza.<\/p>\n","protected":false},"excerpt":{"rendered":"<p>Odpr\u0119\u017caj\u0105ca drzemka po pracy? Ulubiony program w telewizji? Poranna kawa? A mo\u017ce chwila odpoczynku w gronie najbli\u017cszych? <strong>Z naszym kompletem wypoczynkowym Kepl ka\u017cda chwila staje si\u0119 przyjemniejsza.<\/strong><\/p>\n","protected":false},"featured_media":2312,"comment_status":"open","ping_status":"closed","template":"","meta":[],"product_brand":[],"product_cat":[169],"product_tag":[177,179,173],"class_list":{"0":"post-2304","1":"product","2":"type-product","3":"status-publish","4":"has-post-thumbnail","6":"product_cat-komplety-wypoczynkowe","7":"product_tag-ciemny-kolor","8":"product_tag-jednokolorowy","9":"product_tag-niebieski","11":"first","12":"instock","13":"featured","14":"shipping-taxable","15":"purchasable","16":"product-type-simple"},"jetpack_sharing_enabled":true,"_links":{"self":[{"href":"https:\/\/www.mebelonline.pl\/index.php?rest_route=\/wp\/v2\/product\/2304","targetHints":{"allow":["GET"]}}],"collection":[{"href":"https:\/\/www.mebelonline.pl\/index.php?rest_route=\/wp\/v2\/product"}],"about":[{"href":"https:\/\/www.mebelonline.pl\/index.php?rest_route=\/wp\/v2\/types\/product"}],"replies":[{"embeddable":true,"href":"https:\/\/www.mebelonline.pl\/index.php?rest_route=%2Fwp%2Fv2%2Fcomments&post=2304"}],"wp:featuredmedia":[{"embeddable":true,"href":"https:\/\/www.mebelonline.pl\/index.php?rest_route=\/wp\/v2\/media\/2312"}],"wp:attachment":[{"href":"https:\/\/www.mebelonline.pl\/index.php?rest_route=%2Fwp%2Fv2%2Fmedia&parent=2304"}],"wp:term":[{"taxonomy":"product_brand","embeddable":true,"href":"https:\/\/www.mebelonline.pl\/index.php?rest_route=%2Fwp%2Fv2%2Fproduct_brand&post=2304"},{"taxonomy":"product_cat","embeddable":true,"href":"https:\/\/www.mebelonline.pl\/index.php?rest_route=%2Fwp%2Fv2%2Fproduct_cat&post=2304"},{"taxonomy":"product_tag","embeddable":true,"href":"https:\/\/www.mebelonline.pl\/index.php?rest_route=%2Fwp%2Fv2%2Fproduct_tag&post=2304"}],"curies":[{"name":"wp","href":"https:\/\/api.w.org\/{rel}","templated":true}]}}