{"id":2314,"date":"2025-12-09T14:38:23","date_gmt":"2025-12-09T13:38:23","guid":{"rendered":"https:\/\/www.mebelonline.pl\/?post_type=product&#038;p=2314"},"modified":"2026-03-01T11:12:10","modified_gmt":"2026-03-01T10:12:10","slug":"fotel-uszak-skandynawski-kepl-z-podnozkiem-kwiecisty","status":"publish","type":"product","link":"https:\/\/www.mebelonline.pl\/?product=fotel-uszak-skandynawski-kepl-z-podnozkiem-kwiecisty","title":{"rendered":"Fotel uszak skandynawski Kepl z podn\u00f3\u017ckiem z pojemnikiem &#8211; kwiecisty"},"content":{"rendered":"<p><b>Tkaniny obiciowe do wyboru:<\/b> nasza szeroka oferta tkanin pozwala dopasowa\u0107 rodzaj tkaniny i jej kolor praktycznie do ka\u017cdego pomieszczenia, w dowolnej aran\u017cacji. Wystarczy wybra\u0107 w\u0142a\u015bciwy odcie\u0144 i rodzaj tkaniny z naszej <a href=\"https:\/\/www.mebelonline.pl\/?page_id=978\"><strong>palety wzornik\u00f3w<\/strong> klikaj\u0105c<strong> tutaj<\/strong><\/a> lub sprawdzi\u0107 nasze pozosta\u0142e oferty. Pami\u0119ta\u0107 nale\u017cy o wpisaniu nazwy wybranych tkanin i numeru barw w wiadomo\u015bci w czasie sk\u0142adania zam\u00f3wienia.<\/p>\n<p><b>Niniejsza oferta obejmuje fotel Kepl + puf\u0119 z pojemnikiem pokryt\u0105 wysokiej jako\u015bci tkanin\u0105 w pi\u0119knym, kwiecistym wzorze.<\/b><\/p>\n<p><b>Wymiary:<\/b><\/p>\n<ul>\n<li>szeroko\u015b\u0107: <b>80 cm<\/b><\/li>\n<li>g\u0142\u0119boko\u015b\u0107: <b>90 cm<\/b><\/li>\n<li>wysoko\u015b\u0107 ca\u0142kowita: <b>104 cm<\/b><\/li>\n<li>wysoko\u015b\u0107 siedziska od ziemi: <b>43 cm<\/b><\/li>\n<li><b>pufa 44&#215;44 cm<\/b><\/li>\n<\/ul>\n<p><b>Wykonanie:<\/b><\/p>\n<ul>\n<li>Stela\u017c:\u00a0 \u00a0 \u00a0 \u00a0 <b>drewno i p\u0142yta meblowa,<\/b><\/li>\n<li>Siedzisko:\u00a0 <b>spr\u0119\u017cyna falista, pianka t-30 9 cm,<\/b><\/li>\n<li>Oparcie: \u00a0 \u00a0 <b>pasy elastyczne, pianka t-25 8 cm,<\/b><\/li>\n<\/ul>\n<p>* do ka\u017cdego fotela poduszka <b>GRATIS<\/b>!<\/p>\n<p>* przy zakupie prosimy o wpisanie wybranego koloru n\u00f3\u017cek w informacji dla sprzedaj\u0105cego &#8211; na zdj\u0119ciu od lewej: bia\u0142y, buk, czarny, orzech.<\/p>\n<p>Towar wysy\u0142any w jednej paczce. Meble dostarczamy w ca\u0142o\u015bci, aby zaoszcz\u0119dzi\u0107 Pa\u0144stwu pracy i nerw\u00f3w, a do wkr\u0119cenia pozostaj\u0105 tylko n\u00f3\u017cki.<\/p>\n<p><b>Poniewa\u017c<\/b> <b>kwesti\u0119 mebli tapicerowanych traktujemy bardzo powa\u017cnie, tworzymy je u\u017cywaj\u0105c wysokiej klasy materia\u0142\u00f3w, daj\u0105c gwarancj\u0119 dobrego stosunku jako\u015bci do ceny.<\/b><\/p>\n<p>Rzeczywisty kolor produktu mo\u017ce odbiega\u0107 od widocznego na zdj\u0119ciu w zale\u017cno\u015bci od ustawie\u0144 wy\u015bwietlacza.<\/p>\n","protected":false},"excerpt":{"rendered":"<p><b>Wygodne siedzisko, stylowo wygi\u0119te pod\u0142okietniki oraz szerokie oparcie sprawiaj\u0105, \u017ce nasz fotel uszak Kepl to doskona\u0142e uzupe\u0142nienie wielu wn\u0119trz. Do\u0142\u0105czony do niego podn\u00f3\u017cek pozwala w jeszcze wi\u0119kszym stopniu odpr\u0119\u017cy\u0107 si\u0119 i zrelaksowa\u0107, a tak\u017ce dodaje ca\u0142o\u015bci estetycznego dope\u0142nienia. <\/b><br \/>\n\u015awietnie sprawdzi si\u0119 w gabinecie, uprzyjemni salonowe dyskusje przy fili\u017cance kawy oraz zapewni komfort w czasie wieczornego czytania ksi\u0105\u017cek w sypialni.<\/p>\n","protected":false},"featured_media":2306,"comment_status":"open","ping_status":"closed","template":"","meta":[],"product_brand":[],"product_cat":[23,98],"product_tag":[176,174],"class_list":{"0":"post-2314","1":"product","2":"type-product","3":"status-publish","4":"has-post-thumbnail","6":"product_cat-fotele","7":"product_cat-podnozki","8":"product_tag-jasny-kolor","9":"product_tag-kwiecisty","11":"first","12":"instock","13":"featured","14":"shipping-taxable","15":"purchasable","16":"product-type-simple"},"jetpack_sharing_enabled":true,"_links":{"self":[{"href":"https:\/\/www.mebelonline.pl\/index.php?rest_route=\/wp\/v2\/product\/2314","targetHints":{"allow":["GET"]}}],"collection":[{"href":"https:\/\/www.mebelonline.pl\/index.php?rest_route=\/wp\/v2\/product"}],"about":[{"href":"https:\/\/www.mebelonline.pl\/index.php?rest_route=\/wp\/v2\/types\/product"}],"replies":[{"embeddable":true,"href":"https:\/\/www.mebelonline.pl\/index.php?rest_route=%2Fwp%2Fv2%2Fcomments&post=2314"}],"wp:featuredmedia":[{"embeddable":true,"href":"https:\/\/www.mebelonline.pl\/index.php?rest_route=\/wp\/v2\/media\/2306"}],"wp:attachment":[{"href":"https:\/\/www.mebelonline.pl\/index.php?rest_route=%2Fwp%2Fv2%2Fmedia&parent=2314"}],"wp:term":[{"taxonomy":"product_brand","embeddable":true,"href":"https:\/\/www.mebelonline.pl\/index.php?rest_route=%2Fwp%2Fv2%2Fproduct_brand&post=2314"},{"taxonomy":"product_cat","embeddable":true,"href":"https:\/\/www.mebelonline.pl\/index.php?rest_route=%2Fwp%2Fv2%2Fproduct_cat&post=2314"},{"taxonomy":"product_tag","embeddable":true,"href":"https:\/\/www.mebelonline.pl\/index.php?rest_route=%2Fwp%2Fv2%2Fproduct_tag&post=2314"}],"curies":[{"name":"wp","href":"https:\/\/api.w.org\/{rel}","templated":true}]}}