{"id":2509,"date":"2026-02-08T16:17:07","date_gmt":"2026-02-08T15:17:07","guid":{"rendered":"https:\/\/www.mebelonline.pl\/?post_type=product&#038;p=2509"},"modified":"2026-02-08T16:22:17","modified_gmt":"2026-02-08T15:22:17","slug":"kanapa-hornel-alfa-1-kremowa","status":"publish","type":"product","link":"https:\/\/www.mebelonline.pl\/?product=kanapa-hornel-alfa-1-kremowa","title":{"rendered":"Kanapa Hornel &#8211;  Alfa 1 Kremowa"},"content":{"rendered":"<p data-path-to-node=\"5\"><b>Wersalka Hornel<\/b> to naturalne dope\u0142nienie eleganckiego wn\u0119trza, zaprojektowane, by harmonijnie wpasowa\u0107 si\u0119 w Twoj\u0105 przestrze\u0144, oferuj\u0105c jednocze\u015bnie najwy\u017cszy poziom komfortu.<\/p>\n<p data-path-to-node=\"6\"><b>Tkaniny obiciowe do wyboru:<\/b> nasza szeroka oferta tkanin pozwala dopasowa\u0107 rodzaj tkaniny i jej kolor praktycznie do ka\u017cdego pomieszczenia, w dowolnej aran\u017cacji. Wystarczy wybra\u0107 w\u0142a\u015bciwy odcie\u0144 i rodzaj tkaniny z naszej <a href=\"https:\/\/www.mebelonline.pl\/?page_id=978\"><strong>palety wzornik\u00f3w<\/strong> klikaj\u0105c<strong> tutaj<\/strong><\/a> lub sprawdzi\u0107 nasze pozosta\u0142e oferty. Prosimy pami\u0119ta\u0107 o wpisaniu nazwy wybranych tkanin i numeru barw w wiadomo\u015bci w czasie sk\u0142adania zam\u00f3wienia.<\/p>\n<p data-path-to-node=\"6\"><strong>Niniejsza propozycja dotyczy modelu w pi\u0119knym, kremowym kolorze, obitego tkanin\u0105 Alfa 1. Ten odcie\u0144 jest idealnym wyborem, by doda\u0107 wn\u0119trzu g\u0142\u0119bi i klasy.<\/strong><\/p>\n<p data-path-to-node=\"7\">Wersalka \u0142\u0105czy estetyczny wygl\u0105d z przemy\u015blan\u0105 funkcjonalno\u015bci\u0105. Konstrukcja opiera si\u0119 na <b>najwy\u017cszej jako\u015bci materia\u0142ach<\/b>, wzmocnionych warstw\u0105 podtrzymuj\u0105c\u0105, co zapewnia trwa\u0142o\u015b\u0107 i zachowanie spr\u0119\u017cysto\u015bci przez lata.<\/p>\n<p data-path-to-node=\"8\"><strong>Kluczowe cechy:<\/strong><\/p>\n<ul data-path-to-node=\"9\">\n<li>\n<p data-path-to-node=\"9,0,0\"><b>Rozk\u0142adana funkcja:<\/b> Szybka mo\u017cliwo\u015b\u0107 przekszta\u0142cenia w praktyczne miejsce do spania (195&#215;120 cm).<\/p>\n<\/li>\n<li>\n<p data-path-to-node=\"9,1,0\"><b>Pojemnik na po\u015bciel:<\/b> Dyskretny i pojemny schowek.<\/p>\n<\/li>\n<li>\n<p data-path-to-node=\"9,2,0\"><b>Wysokie nogi:<\/b> Nowoczesny detal, kt\u00f3ry optycznie unosi mebel i u\u0142atwia sprz\u0105tanie pod nim.<\/p>\n<\/li>\n<li>\n<p data-path-to-node=\"9,3,0\"><b>Spr\u0119\u017cyny bonell:<\/b> Gwarancja stabilnego i wygodnego podparcia.<\/p>\n<\/li>\n<li>\n<p data-path-to-node=\"9,4,0\"><b>2x du\u017ce poduszki GRATIS.<\/b><\/p>\n<\/li>\n<li>\n<p data-path-to-node=\"9,5,0\"><b>D\u0142uga \u017cywotno\u015b\u0107<\/b> i wytrzyma\u0142o\u015b\u0107.<\/p>\n<\/li>\n<\/ul>\n<p>&nbsp;<\/p>\n<p data-path-to-node=\"14\">Gwarantujemy <b>bezpieczn\u0105 dostaw\u0119<\/b> w\u0142asnym transportem, dzi\u0119ki czemu mebel dotrze do Ciebie nieuszkodzony i bezproblemowo. Us\u0142uga dodatkowa &#8211; <strong>kierowca\u00a0 pomaga przy wniesieniu i monta\u017cu mebli<\/strong>. Ze strony klienta wymagana jest obecno\u015b\u0107 jednej osoby do pomocy przy wniesieniu. <strong>Koszt 90 PLN<\/strong><\/p>\n<p data-path-to-node=\"14\">Rzeczywisty kolor produktu mo\u017ce odbiega\u0107 od widocznego na zdj\u0119ciu w zale\u017cno\u015bci od ustawie\u0144 wy\u015bwietlacza.<\/p>\n","protected":false},"excerpt":{"rendered":"<p><strong>Poranna chwila z ksi\u0105\u017ck\u0105? Wieczorna rozmowa w salonie? Wersalka Hornel sprawia, \u017ce ka\u017cda chwila odpoczynku zyskuje wyj\u0105tkow\u0105 opraw\u0119, dzi\u0119ki po\u0142\u0105czeniu stylu i funkcjonalno\u015bci.<\/strong><\/p>\n","protected":false},"featured_media":2514,"comment_status":"open","ping_status":"closed","template":"","meta":[],"product_brand":[],"product_cat":[27],"product_tag":[179,75],"class_list":{"0":"post-2509","1":"product","2":"type-product","3":"status-publish","4":"has-post-thumbnail","6":"product_cat-wersalki-kanapy-tapczany","7":"product_tag-jednokolorowy","8":"product_tag-kremowy","10":"first","11":"instock","12":"featured","13":"shipping-taxable","14":"purchasable","15":"product-type-simple"},"jetpack_sharing_enabled":true,"_links":{"self":[{"href":"https:\/\/www.mebelonline.pl\/index.php?rest_route=\/wp\/v2\/product\/2509","targetHints":{"allow":["GET"]}}],"collection":[{"href":"https:\/\/www.mebelonline.pl\/index.php?rest_route=\/wp\/v2\/product"}],"about":[{"href":"https:\/\/www.mebelonline.pl\/index.php?rest_route=\/wp\/v2\/types\/product"}],"replies":[{"embeddable":true,"href":"https:\/\/www.mebelonline.pl\/index.php?rest_route=%2Fwp%2Fv2%2Fcomments&post=2509"}],"wp:featuredmedia":[{"embeddable":true,"href":"https:\/\/www.mebelonline.pl\/index.php?rest_route=\/wp\/v2\/media\/2514"}],"wp:attachment":[{"href":"https:\/\/www.mebelonline.pl\/index.php?rest_route=%2Fwp%2Fv2%2Fmedia&parent=2509"}],"wp:term":[{"taxonomy":"product_brand","embeddable":true,"href":"https:\/\/www.mebelonline.pl\/index.php?rest_route=%2Fwp%2Fv2%2Fproduct_brand&post=2509"},{"taxonomy":"product_cat","embeddable":true,"href":"https:\/\/www.mebelonline.pl\/index.php?rest_route=%2Fwp%2Fv2%2Fproduct_cat&post=2509"},{"taxonomy":"product_tag","embeddable":true,"href":"https:\/\/www.mebelonline.pl\/index.php?rest_route=%2Fwp%2Fv2%2Fproduct_tag&post=2509"}],"curies":[{"name":"wp","href":"https:\/\/api.w.org\/{rel}","templated":true}]}}