{"id":2567,"date":"2026-02-22T21:18:35","date_gmt":"2026-02-22T20:18:35","guid":{"rendered":"https:\/\/www.mebelonline.pl\/?post_type=product&#038;p=2567"},"modified":"2026-03-01T11:11:35","modified_gmt":"2026-03-01T10:11:35","slug":"podnozek-do-uszaka-kepl-sztruks-poso-60-szary-premium","status":"publish","type":"product","link":"https:\/\/www.mebelonline.pl\/?product=podnozek-do-uszaka-kepl-sztruks-poso-60-szary-premium","title":{"rendered":"Podn\u00f3\u017cek z pojemnikiem do uszaka Kepl &#8211; sztruks POSO 60 szary premium"},"content":{"rendered":"<div class=\"mpof_ki myre_zn myre_8v_l m389_6m_l\">\n<div class=\"mp4t_16_s mryx_16_s mr3m_1 mli2_1 mh85_56 mh85_0_l\">\n<div class=\"mgn2_16 _0d3bd_am0a-\">\n<p><b>Tkaniny obiciowe do wyboru:<\/b> nasza szeroka oferta tkanin pozwala dopasowa\u0107 rodzaj tkaniny i jej kolor praktycznie do ka\u017cdego pomieszczenia, w dowolnej aran\u017cacji. Wystarczy wybra\u0107 w\u0142a\u015bciwy odcie\u0144 i rodzaj tkaniny z naszej <a href=\"https:\/\/www.mebelonline.pl\/?page_id=978\"><strong>palety wzornik\u00f3w<\/strong> klikaj\u0105c<strong> tutaj<\/strong><\/a> lub sprawdzi\u0107 nasze pozosta\u0142e oferty. Pami\u0119ta\u0107 nale\u017cy o wpisaniu nazwy wybranych tkanin i numeru barw w wiadomo\u015bci w czasie sk\u0142adania zam\u00f3wienia.<br \/>\n<strong>Niniejsza oferta dotyczy podn\u00f3\u017cka <b>w luksusowej tkaninie sztruks POSO 60 w kolorze szarym.<\/b><\/strong><\/p>\n<p>&nbsp;<\/p>\n<p><b>Kolory n\u00f3g do wyboru (od lewej):<\/b>\u00a0bia\u0142y, buk, czarny, orzech.<\/p>\n<ul>\n<li>siedzisko 44&#215;44 cm<\/li>\n<li>wysoko\u015b\u0107 42 cm<\/li>\n<li>pojemnik w \u015brodku<\/li>\n<li>na siedzisku pianka 7 cm<\/li>\n<\/ul>\n<p>Na \u017cyczenie &#8211; mo\u017cliwo\u015b\u0107 wyprodukowania bez schowka.<\/p>\n<p>Rzeczywisty kolor produktu mo\u017ce odbiega\u0107 od widocznego na zdj\u0119ciu w zale\u017cno\u015bci od ustawie\u0144 wy\u015bwietlacza.<\/p>\n<\/div>\n<\/div>\n<\/div>\n","protected":false},"excerpt":{"rendered":"<div class=\"mp4t_16_s mryx_16_s mr3m_1 mli2_1 mh85_56 mh85_0_l\">\n<div class=\"mgn2_16 _0d3bd_r3bCg\">\n<p>Podn\u00f3\u017cek \u015bwietnie sprawdzi si\u0119 jako pufa, kt\u00f3r\u0105 wykorzysta\u0107 mo\u017cna w pokoju dzieci\u0119cym lub w salonie. Zawiera te\u017c schowany w \u015brodku pojemnik na drobne rzeczy, dzi\u0119ki kt\u00f3remu potrzebne drobiazgi b\u0119d\u0105 zawsze pod r\u0119k\u0105. <strong>Jednak prawdziw\u0105 warto\u015b\u0107 zyskuje wsp\u00f3\u0142graj\u0105c z fotelem uszakiem Kepl, sprawiaj\u0105c, \u017ce wygoda p\u0142yn\u0105ca z siedzenia na fotelu jest jeszcze wi\u0119ksza. <\/strong>Dzi\u0119ki dobrze dopasowanej wysoko\u015bci podn\u00f3\u017cek zapewnia idealny odpoczynek dla n\u00f3g.<\/p>\n<\/div>\n<\/div>\n","protected":false},"featured_media":2562,"comment_status":"open","ping_status":"closed","template":"","meta":[],"product_brand":[],"product_cat":[98],"product_tag":[177,179,115],"class_list":{"0":"post-2567","1":"product","2":"type-product","3":"status-publish","4":"has-post-thumbnail","6":"product_cat-podnozki","7":"product_tag-ciemny-kolor","8":"product_tag-jednokolorowy","9":"product_tag-szary","11":"first","12":"instock","13":"featured","14":"shipping-taxable","15":"purchasable","16":"product-type-simple"},"jetpack_sharing_enabled":true,"_links":{"self":[{"href":"https:\/\/www.mebelonline.pl\/index.php?rest_route=\/wp\/v2\/product\/2567","targetHints":{"allow":["GET"]}}],"collection":[{"href":"https:\/\/www.mebelonline.pl\/index.php?rest_route=\/wp\/v2\/product"}],"about":[{"href":"https:\/\/www.mebelonline.pl\/index.php?rest_route=\/wp\/v2\/types\/product"}],"replies":[{"embeddable":true,"href":"https:\/\/www.mebelonline.pl\/index.php?rest_route=%2Fwp%2Fv2%2Fcomments&post=2567"}],"wp:featuredmedia":[{"embeddable":true,"href":"https:\/\/www.mebelonline.pl\/index.php?rest_route=\/wp\/v2\/media\/2562"}],"wp:attachment":[{"href":"https:\/\/www.mebelonline.pl\/index.php?rest_route=%2Fwp%2Fv2%2Fmedia&parent=2567"}],"wp:term":[{"taxonomy":"product_brand","embeddable":true,"href":"https:\/\/www.mebelonline.pl\/index.php?rest_route=%2Fwp%2Fv2%2Fproduct_brand&post=2567"},{"taxonomy":"product_cat","embeddable":true,"href":"https:\/\/www.mebelonline.pl\/index.php?rest_route=%2Fwp%2Fv2%2Fproduct_cat&post=2567"},{"taxonomy":"product_tag","embeddable":true,"href":"https:\/\/www.mebelonline.pl\/index.php?rest_route=%2Fwp%2Fv2%2Fproduct_tag&post=2567"}],"curies":[{"name":"wp","href":"https:\/\/api.w.org\/{rel}","templated":true}]}}