{"id":2710,"date":"2026-03-29T17:35:52","date_gmt":"2026-03-29T15:35:52","guid":{"rendered":"https:\/\/www.mebelonline.pl\/?post_type=product&#038;p=2710"},"modified":"2026-03-31T16:53:49","modified_gmt":"2026-03-31T14:53:49","slug":"nola-kanapa-wersalka-typu-finka-rozkladana-ciemna-zielen","status":"publish","type":"product","link":"https:\/\/www.mebelonline.pl\/?product=nola-kanapa-wersalka-typu-finka-rozkladana-ciemna-zielen","title":{"rendered":"Nola &#8211; kanapa wersalka typu finka; rozk\u0142adana &#8211; ciemna ziele\u0144"},"content":{"rendered":"<p><b>Funkcjonalna wersalka<\/b>\u00a0wykonana jest z najwy\u017cszej jako\u015bci materia\u0142\u00f3w, a ponadto wzmocniona warstw\u0105 podtrzymuj\u0105c\u0105, pozwalaj\u0105c\u0105 zachowa\u0107 spr\u0119\u017cysto\u015b\u0107 i wygod\u0119 przez d\u0142ugie lata u\u017cytkowania. Wersalka zawiera pojemnik na po\u015bciel, dzi\u0119ki czemu jest ona zawsze pod r\u0119k\u0105.<\/p>\n<ul>\n<li>rozk\u0142adana (powierzchnia spania 120&#215;200 cm)<\/li>\n<li>pojemnik na po\u015bciel<\/li>\n<li>spr\u0119\u017cyny bonell<\/li>\n<li>2x du\u017ce poduszki GRATIS<\/li>\n<li>d\u0142uga \u017cywotno\u015b\u0107<\/li>\n<\/ul>\n<p>&nbsp;<\/p>\n<p><b>Tkaniny obiciowe do wyboru:<\/b> nasza szeroka oferta tkanin pozwala dopasowa\u0107 rodzaj tkaniny i jej kolor praktycznie do ka\u017cdego pomieszczenia, w dowolnej aran\u017cacji. Wystarczy wybra\u0107 w\u0142a\u015bciwy odcie\u0144 i rodzaj tkaniny z naszej <a href=\"https:\/\/www.mebelonline.pl\/?page_id=978\"><strong>palety wzornik\u00f3w<\/strong> klikaj\u0105c<strong> tutaj<\/strong><\/a> lub sprawdzi\u0107 nasze pozosta\u0142e oferty. Prosimy pami\u0119ta\u0107 o wpisaniu nazwy wybranych tkanin i numeru barw w wiadomo\u015bci w czasie sk\u0142adania zam\u00f3wienia.<\/p>\n<p><strong>W niniejszej ofercie prezentujemy wersalk\u0119 Nol\u0119 w pi\u0119knym, zielonym kolorze.<\/strong><\/p>\n<p>&nbsp;<\/p>\n<p>Meble dostarczamy w\u0142asnym transportem, dlatego gwarantujemy, \u017ce towar dojedzie nieuszkodzony i bezproblemowo. Us\u0142uga dodatkowa &#8211; <strong>kierowca\u00a0 pomaga przy wniesieniu i monta\u017cu mebli<\/strong>. Ze strony klienta wymagana jest obecno\u015b\u0107 jednej osoby do pomocy przy wniesieniu. <strong>Koszt 90 PLN<\/strong><\/p>\n<p>Rzeczywisty kolor produktu mo\u017ce odbiega\u0107 od widocznego na zdj\u0119ciu w zale\u017cno\u015bci od ustawie\u0144 wy\u015bwietlacza.<\/p>\n","protected":false},"excerpt":{"rendered":"<p><strong>Odpr\u0119\u017caj\u0105ca drzemka po pracy? Ulubiony program w telewizji? Poranna kawa? A mo\u017ce chwila odpoczynku w gronie najbli\u017cszych? Z nasz\u0105 wersalk\u0105 ka\u017cda chwila staje si\u0119 przyjemniejsza.\u00a0<\/strong><\/p>\n","protected":false},"featured_media":2717,"comment_status":"open","ping_status":"closed","template":"","meta":[],"product_brand":[],"product_cat":[27],"product_tag":[176,179,175],"class_list":{"0":"post-2710","1":"product","2":"type-product","3":"status-publish","4":"has-post-thumbnail","6":"product_cat-wersalki-kanapy-tapczany","7":"product_tag-jasny-kolor","8":"product_tag-jednokolorowy","9":"product_tag-odcienie-zieleni","11":"first","12":"instock","13":"featured","14":"shipping-taxable","15":"purchasable","16":"product-type-simple"},"jetpack_sharing_enabled":true,"_links":{"self":[{"href":"https:\/\/www.mebelonline.pl\/index.php?rest_route=\/wp\/v2\/product\/2710","targetHints":{"allow":["GET"]}}],"collection":[{"href":"https:\/\/www.mebelonline.pl\/index.php?rest_route=\/wp\/v2\/product"}],"about":[{"href":"https:\/\/www.mebelonline.pl\/index.php?rest_route=\/wp\/v2\/types\/product"}],"replies":[{"embeddable":true,"href":"https:\/\/www.mebelonline.pl\/index.php?rest_route=%2Fwp%2Fv2%2Fcomments&post=2710"}],"wp:featuredmedia":[{"embeddable":true,"href":"https:\/\/www.mebelonline.pl\/index.php?rest_route=\/wp\/v2\/media\/2717"}],"wp:attachment":[{"href":"https:\/\/www.mebelonline.pl\/index.php?rest_route=%2Fwp%2Fv2%2Fmedia&parent=2710"}],"wp:term":[{"taxonomy":"product_brand","embeddable":true,"href":"https:\/\/www.mebelonline.pl\/index.php?rest_route=%2Fwp%2Fv2%2Fproduct_brand&post=2710"},{"taxonomy":"product_cat","embeddable":true,"href":"https:\/\/www.mebelonline.pl\/index.php?rest_route=%2Fwp%2Fv2%2Fproduct_cat&post=2710"},{"taxonomy":"product_tag","embeddable":true,"href":"https:\/\/www.mebelonline.pl\/index.php?rest_route=%2Fwp%2Fv2%2Fproduct_tag&post=2710"}],"curies":[{"name":"wp","href":"https:\/\/api.w.org\/{rel}","templated":true}]}}