{"id":406,"date":"2023-03-31T08:54:16","date_gmt":"2023-03-31T06:54:16","guid":{"rendered":"http:\/\/mebelonline.pl\/?post_type=product&#038;p=406"},"modified":"2026-01-10T21:39:39","modified_gmt":"2026-01-10T20:39:39","slug":"fotel-uszak-skandynawski-czerwony-welur","status":"publish","type":"product","link":"https:\/\/www.mebelonline.pl\/?product=fotel-uszak-skandynawski-czerwony-welur","title":{"rendered":"Fotel uszak skandynawski Kepl &#8211; czerwony welur"},"content":{"rendered":"<p>Szeroki wyb\u00f3r tkanin i kolor\u00f3w u\u0142atwia dopasowanie mebla do ka\u017cdego wystroju. Pozosta\u0142e dost\u0119pne opcje mo\u017cna znale\u017a\u0107 w naszych innych ofertach.<br \/>\n<b>Niniejsza oferta obejmuje fotel Kepl pokryty wysokiej jako\u015bci tkanin\u0105 welur w stonowanych barwach czerwieni.<\/b><\/p>\n<p><b>Wymiary:<\/b><\/p>\n<ul>\n<li>szeroko\u015b\u0107: <b>80 cm<\/b><\/li>\n<li>g\u0142\u0119boko\u015b\u0107: <b>90 cm<\/b><\/li>\n<li>wysoko\u015b\u0107 ca\u0142kowita: <b>104 cm<\/b><\/li>\n<li>wysoko\u015b\u0107 siedziska od ziemi: <b>43 cm<\/b><\/li>\n<\/ul>\n<p><b>Wykonanie:<\/b><\/p>\n<ul>\n<li>Stela\u017c:\u00a0<b>drewno i p\u0142yta meblowa,<\/b><\/li>\n<li>Siedzisko:\u00a0<b>spr\u0119\u017cyna falista, pianka t-30 9 cm,<\/b><\/li>\n<li>Oparcie: <b>pasy elastyczne, pianka t-25 8 cm,<\/b><\/li>\n<\/ul>\n<p>* do ka\u017cdego fotela poduszka <b>GRATIS<\/b>!<\/p>\n<p>* przy zakupie prosimy o wpisanie wybranego koloru n\u00f3\u017cek w informacji dla sprzedaj\u0105cego.<\/p>\n<p>Meble dostarczamy w ca\u0142o\u015bci, aby zaoszcz\u0119dzi\u0107 Pa\u0144stwu pracy i nerw\u00f3w, a do wkr\u0119cenia pozostaj\u0105 tylko n\u00f3\u017cki.<\/p>\n<p><b>Poniewa\u017c<\/b> <b>kwesti\u0119 mebli tapicerowanych traktujemy bardzo powa\u017cnie, tworzymy je u\u017cywaj\u0105c wysokiej klasy materia\u0142\u00f3w, daj\u0105c gwarancj\u0119 dobrego stosunku jako\u015bci do ceny.<\/b><\/p>\n<p>Rzeczywisty kolor produktu mo\u017ce odbiega\u0107 od widocznego na zdj\u0119ciu w zale\u017cno\u015bci od ustawie\u0144 wy\u015bwietlacza.<\/p>\n","protected":false},"excerpt":{"rendered":"<p><b>Wygodne siedzisko, stylowo wygi\u0119te pod\u0142okietniki oraz szerokie oparcie sprawiaj\u0105, \u017ce nasz fotel uszak Kepl to doskona\u0142e uzupe\u0142nienie wielu wn\u0119trz.<\/b><br \/>\n\u015awietnie sprawdzi si\u0119 w gabinecie, uprzyjemni salonowe dyskusje przy fili\u017cance kawy oraz zapewni komfort w czasie wieczornego czytania ksi\u0105\u017cek w sypialni.<\/p>\n","protected":false},"featured_media":407,"comment_status":"open","ping_status":"closed","template":"","meta":[],"product_brand":[],"product_cat":[23],"product_tag":[184,176,179],"class_list":{"0":"post-406","1":"product","2":"type-product","3":"status-publish","4":"has-post-thumbnail","6":"product_cat-fotele","7":"product_tag-czerwony","8":"product_tag-jasny-kolor","9":"product_tag-jednokolorowy","11":"first","12":"instock","13":"featured","14":"shipping-taxable","15":"purchasable","16":"product-type-simple"},"jetpack_sharing_enabled":true,"_links":{"self":[{"href":"https:\/\/www.mebelonline.pl\/index.php?rest_route=\/wp\/v2\/product\/406","targetHints":{"allow":["GET"]}}],"collection":[{"href":"https:\/\/www.mebelonline.pl\/index.php?rest_route=\/wp\/v2\/product"}],"about":[{"href":"https:\/\/www.mebelonline.pl\/index.php?rest_route=\/wp\/v2\/types\/product"}],"replies":[{"embeddable":true,"href":"https:\/\/www.mebelonline.pl\/index.php?rest_route=%2Fwp%2Fv2%2Fcomments&post=406"}],"wp:featuredmedia":[{"embeddable":true,"href":"https:\/\/www.mebelonline.pl\/index.php?rest_route=\/wp\/v2\/media\/407"}],"wp:attachment":[{"href":"https:\/\/www.mebelonline.pl\/index.php?rest_route=%2Fwp%2Fv2%2Fmedia&parent=406"}],"wp:term":[{"taxonomy":"product_brand","embeddable":true,"href":"https:\/\/www.mebelonline.pl\/index.php?rest_route=%2Fwp%2Fv2%2Fproduct_brand&post=406"},{"taxonomy":"product_cat","embeddable":true,"href":"https:\/\/www.mebelonline.pl\/index.php?rest_route=%2Fwp%2Fv2%2Fproduct_cat&post=406"},{"taxonomy":"product_tag","embeddable":true,"href":"https:\/\/www.mebelonline.pl\/index.php?rest_route=%2Fwp%2Fv2%2Fproduct_tag&post=406"}],"curies":[{"name":"wp","href":"https:\/\/api.w.org\/{rel}","templated":true}]}}