{"id":454,"date":"2023-04-12T09:40:20","date_gmt":"2023-04-12T07:40:20","guid":{"rendered":"http:\/\/mebelonline.pl\/?post_type=product&#038;p=454"},"modified":"2026-01-10T21:37:36","modified_gmt":"2026-01-10T20:37:36","slug":"fotel-kubelek-xl-chrom-roz-czarny","status":"publish","type":"product","link":"https:\/\/www.mebelonline.pl\/?product=fotel-kubelek-xl-chrom-roz-czarny","title":{"rendered":"Fotel kube\u0142ek Kalis Lux &#8211; chrom r\u00f3\u017c\/czarny"},"content":{"rendered":"<p>Ten niewielkich rozmiar\u00f3w mebel mo\u017cna z \u0142atwo\u015bci\u0105 przenie\u015b\u0107 do pokoju go\u015bcinnego, aby zapewni\u0107 dodatkowe miejsce do siedzenia podczas spotka\u0144 z rodzin\u0105 lub przyjaci\u00f3\u0142mi. \u015awietnie sprawdzi si\u0119 r\u00f3wnie\u017c na balkonie, podczas relaksu z porann\u0105 herbat\u0105 lub aromatyczn\u0105 kaw\u0105, a tak\u017ce w pokoju dzieci\u0119cym, gabinecie czy sypialni.<\/p>\n<div class=\"mpof_ki myre_zn myre_8v_l _0d3bd_SI-b1\">\n<div class=\"mp4t_16_s mryx_16_s mr3m_1 mli2_1 mh85_56 mh85_0_l\">\n<div class=\"mgn2_16 _0d3bd_r3bCg\">\n<p>Wykonany z wysokiej jako\u015bci materia\u0142\u00f3w, fotel kube\u0142ek Kalis Lux jest nie tylko wytrzyma\u0142y (<b>testowany do 100 kg<\/b>) i stabilny, ale co r\u00f3wnie wa\u017cne &#8211; szeroki wyb\u00f3r tkanin i kolor\u00f3w u\u0142atwia dopasowanie mebla do ka\u017cdego wystroju. Pozosta\u0142e dost\u0119pne opcje mo\u017cna znale\u017a\u0107 w naszych innych ofertach.<\/p>\n<p><b>Niniejsza oferta obejmuje fotel Kalis Lux pokryty tkanin\u0105 w kolorach r\u00f3\u017cowym i czarnym.<\/b><\/p>\n<\/div>\n<\/div>\n<div class=\"mp4t_16_s mryx_16_s mr3m_1 mli2_1 mh85_56 mh85_0_l\">\n<div class=\"mg9e_8 mg9e_0_s mvrt_0_s mj7a_8 mj7a_0_s mh36_0_s mzmg_6m munh_16_l m3h2_16_l\">\n<div class=\"mp4t_0 mryx_0 munh_56 m3h2_56\">\n<div class=\"mp7g_oh\"><\/div>\n<\/div>\n<\/div>\n<\/div>\n<\/div>\n<div class=\"mpof_ki myre_zn myre_8v_l _0d3bd_SI-b1\">\n<div class=\"mp4t_16_s mryx_16_s mr3m_1 mli2_1 mh85_56 mh85_0_l\">\n<div class=\"mgn2_16 _0d3bd_r3bCg\">\n<p><b>Wykonanie:<\/b><\/p>\n<ul>\n<li>Stela\u017c: <b>drewno, p\u0142yta pil\u015bniowa, wi\u00f3rowa mdf,<\/b><\/li>\n<li>Siedzisko: <b>pianka 6 cm,<\/b><\/li>\n<li>Oparcie: <b>pianka 3 cm,<\/b><\/li>\n<li><b>4x n\u00f3\u017cki: chromowane (9 cm) z podk\u0142adkami z mi\u0119kkiego PCV.<\/b><\/li>\n<\/ul>\n<p>Fotel posiada tapicerowany pojemnik, kt\u00f3ry z pewno\u015bci\u0105 przyda si\u0119 na r\u00f3\u017cne drobiazgi.<\/p>\n<p><b>Dodaj odrobin\u0119 uroku i funkcjonalno\u015bci do swojego wn\u0119trza. Kup teraz!<\/b><\/p>\n<p>Rzeczywisty kolor produktu mo\u017ce odbiega\u0107 od widocznego na zdj\u0119ciu w zale\u017cno\u015bci od ustawie\u0144 wy\u015bwietlacza.<\/p>\n<\/div>\n<\/div>\n<\/div>\n","protected":false},"excerpt":{"rendered":"<p><b>Estetyka, wytrzyma\u0142o\u015b\u0107 oraz wygoda &#8211; te cechy sprawiaj\u0105, \u017ce nasz fotel kube\u0142ek Kalis Lux mo\u017ce by\u0107 perfekcyjnym dodatkiem do ka\u017cdego pomieszczenia, oferuj\u0105c zar\u00f3wno funkcjonalno\u015b\u0107, jak i elegancj\u0119.<\/b><\/p>\n","protected":false},"featured_media":1660,"comment_status":"open","ping_status":"closed","template":"","meta":[],"product_brand":[],"product_cat":[23],"product_tag":[177,185,180,176,120],"class_list":{"0":"post-454","1":"product","2":"type-product","3":"status-publish","4":"has-post-thumbnail","6":"product_cat-fotele","7":"product_tag-ciemny-kolor","8":"product_tag-czarny","9":"product_tag-dwukolorowy","10":"product_tag-jasny-kolor","11":"product_tag-rozowy","13":"first","14":"instock","15":"shipping-taxable","16":"purchasable","17":"product-type-simple"},"jetpack_sharing_enabled":true,"_links":{"self":[{"href":"https:\/\/www.mebelonline.pl\/index.php?rest_route=\/wp\/v2\/product\/454","targetHints":{"allow":["GET"]}}],"collection":[{"href":"https:\/\/www.mebelonline.pl\/index.php?rest_route=\/wp\/v2\/product"}],"about":[{"href":"https:\/\/www.mebelonline.pl\/index.php?rest_route=\/wp\/v2\/types\/product"}],"replies":[{"embeddable":true,"href":"https:\/\/www.mebelonline.pl\/index.php?rest_route=%2Fwp%2Fv2%2Fcomments&post=454"}],"wp:featuredmedia":[{"embeddable":true,"href":"https:\/\/www.mebelonline.pl\/index.php?rest_route=\/wp\/v2\/media\/1660"}],"wp:attachment":[{"href":"https:\/\/www.mebelonline.pl\/index.php?rest_route=%2Fwp%2Fv2%2Fmedia&parent=454"}],"wp:term":[{"taxonomy":"product_brand","embeddable":true,"href":"https:\/\/www.mebelonline.pl\/index.php?rest_route=%2Fwp%2Fv2%2Fproduct_brand&post=454"},{"taxonomy":"product_cat","embeddable":true,"href":"https:\/\/www.mebelonline.pl\/index.php?rest_route=%2Fwp%2Fv2%2Fproduct_cat&post=454"},{"taxonomy":"product_tag","embeddable":true,"href":"https:\/\/www.mebelonline.pl\/index.php?rest_route=%2Fwp%2Fv2%2Fproduct_tag&post=454"}],"curies":[{"name":"wp","href":"https:\/\/api.w.org\/{rel}","templated":true}]}}