{"id":478,"date":"2023-04-12T11:43:57","date_gmt":"2023-04-12T09:43:57","guid":{"rendered":"http:\/\/mebelonline.pl\/?post_type=product&#038;p=478"},"modified":"2026-03-01T11:26:29","modified_gmt":"2026-03-01T10:26:29","slug":"podnozek-do-uszaka-braz","status":"publish","type":"product","link":"https:\/\/www.mebelonline.pl\/?product=podnozek-do-uszaka-braz","title":{"rendered":"Podn\u00f3\u017cek z pojemnikiem do uszaka Kepl &#8211; br\u0105zowy"},"content":{"rendered":"<p>Szeroki wyb\u00f3r tkanin i kolor\u00f3w u\u0142atwia dopasowanie mebla do ka\u017cdego wystroju. Pozosta\u0142e dost\u0119pne opcje mo\u017cna znale\u017a\u0107 w naszych innych ofertach.\u00a0<strong>Niniejsza oferta dotyczy podn\u00f3\u017cka wykonanego z tkaniny como w pi\u0119knym, br\u0105zowym kolorze.<\/strong><\/p>\n<p><b>Kolory n\u00f3g do wyboru (od lewej):<\/b>\u00a0bia\u0142y, buk, czarny, orzech.<\/p>\n<ul>\n<li>siedzisko 44&#215;44 cm<\/li>\n<li>wysoko\u015b\u0107 42 cm<\/li>\n<li>pojemnik w \u015brodku<\/li>\n<li>na siedzisku pianka 7 cm<\/li>\n<\/ul>\n<p>Na \u017cyczenie &#8211; mo\u017cliwo\u015b\u0107 wyprodukowania bez schowka.<\/p>\n<p>Rzeczywisty kolor produktu mo\u017ce odbiega\u0107 od widocznego na zdj\u0119ciu w zale\u017cno\u015bci od ustawie\u0144 wy\u015bwietlacza.<\/p>\n","protected":false},"excerpt":{"rendered":"<p>Podn\u00f3\u017cek \u015bwietnie sprawdzi si\u0119 jako pufa, kt\u00f3r\u0105 wykorzysta\u0107 mo\u017cna w pokoju dzieci\u0119cym lub w salonie. Zawiera te\u017c schowany w \u015brodku pojemnik na drobne rzeczy, dzi\u0119ki kt\u00f3remu potrzebne drobiazgi b\u0119d\u0105 zawsze pod r\u0119k\u0105. <strong>Jednak prawdziw\u0105 warto\u015b\u0107 zyskuje wsp\u00f3\u0142graj\u0105c z fotelem uszakiem Kepl, sprawiaj\u0105c, \u017ce wygoda p\u0142yn\u0105ca z siedzenia na fotelu jest jeszcze wi\u0119ksza. <\/strong>Dzi\u0119ki dobrze dopasowanej wysoko\u015bci podn\u00f3\u017cek zapewnia idealny odpoczynek dla n\u00f3g.<\/p>\n","protected":false},"featured_media":1653,"comment_status":"open","ping_status":"closed","template":"","meta":[],"product_brand":[],"product_cat":[98],"product_tag":[172,177,179],"class_list":{"0":"post-478","1":"product","2":"type-product","3":"status-publish","4":"has-post-thumbnail","6":"product_cat-podnozki","7":"product_tag-brazowy","8":"product_tag-ciemny-kolor","9":"product_tag-jednokolorowy","11":"first","12":"instock","13":"featured","14":"shipping-taxable","15":"purchasable","16":"product-type-simple"},"jetpack_sharing_enabled":true,"_links":{"self":[{"href":"https:\/\/www.mebelonline.pl\/index.php?rest_route=\/wp\/v2\/product\/478","targetHints":{"allow":["GET"]}}],"collection":[{"href":"https:\/\/www.mebelonline.pl\/index.php?rest_route=\/wp\/v2\/product"}],"about":[{"href":"https:\/\/www.mebelonline.pl\/index.php?rest_route=\/wp\/v2\/types\/product"}],"replies":[{"embeddable":true,"href":"https:\/\/www.mebelonline.pl\/index.php?rest_route=%2Fwp%2Fv2%2Fcomments&post=478"}],"wp:featuredmedia":[{"embeddable":true,"href":"https:\/\/www.mebelonline.pl\/index.php?rest_route=\/wp\/v2\/media\/1653"}],"wp:attachment":[{"href":"https:\/\/www.mebelonline.pl\/index.php?rest_route=%2Fwp%2Fv2%2Fmedia&parent=478"}],"wp:term":[{"taxonomy":"product_brand","embeddable":true,"href":"https:\/\/www.mebelonline.pl\/index.php?rest_route=%2Fwp%2Fv2%2Fproduct_brand&post=478"},{"taxonomy":"product_cat","embeddable":true,"href":"https:\/\/www.mebelonline.pl\/index.php?rest_route=%2Fwp%2Fv2%2Fproduct_cat&post=478"},{"taxonomy":"product_tag","embeddable":true,"href":"https:\/\/www.mebelonline.pl\/index.php?rest_route=%2Fwp%2Fv2%2Fproduct_tag&post=478"}],"curies":[{"name":"wp","href":"https:\/\/api.w.org\/{rel}","templated":true}]}}