{"id":494,"date":"2023-04-18T11:20:00","date_gmt":"2023-04-18T09:20:00","guid":{"rendered":"http:\/\/mebelonline.pl\/?post_type=product&#038;p=494"},"modified":"2026-01-10T21:36:46","modified_gmt":"2026-01-10T20:36:46","slug":"fotelik-kubelek-ciemny-braz","status":"publish","type":"product","link":"https:\/\/www.mebelonline.pl\/?product=fotelik-kubelek-ciemny-braz","title":{"rendered":"Fotel kube\u0142ek Kalis &#8211; ciemny br\u0105z"},"content":{"rendered":"<p>Tworz\u0105c nasze foteliki staramy si\u0119 \u0142\u0105czy\u0107 lekko\u015b\u0107 z trwa\u0142o\u015bci\u0105, zapewniaj\u0105c dobry stosunek jako\u015bci do ceny. Dbamy o to, aby siedziska znajdowa\u0142y si\u0119 na wysoko\u015bci 40-42 cm. Taka wysoko\u015b\u0107 pozwala na korzystanie z mebla zar\u00f3wno m\u0142odszym u\u017cytkownikom, jak i doros\u0142ym.<\/p>\n<p>Wykonane z wysokiej jako\u015bci materia\u0142\u00f3w, fotele Kalis s\u0105 stabilne (posiadaj\u0105 a\u017c 5 n\u00f3\u017cek) i wytrzyma\u0142e (testowane do 100 kg), ale co r\u00f3wnie wa\u017cne &#8211; szeroki wyb\u00f3r tkanin i kolor\u00f3w u\u0142atwia dopasowanie mebla do ka\u017cdego wystroju. Pozosta\u0142e dost\u0119pne opcje mo\u017cna znale\u017a\u0107 w naszych innych ofertach.<\/p>\n<p>&nbsp;<\/p>\n<p><b>Niniejsza oferta obejmuje fotel kube\u0142ek Kalis pokryty tkanin\u0105 w kolorze ciemnobr\u0105zowym.<\/b><\/p>\n<p>Wykonanie:<\/p>\n<ul>\n<li>stela\u017c: drewno, p\u0142yta pil\u015bniowa, wi\u00f3rowa mdf,<\/li>\n<li>siedzisko: pianka 6 cm,<\/li>\n<li>oparcie: pianka 2 cm,<\/li>\n<li>poduszka 35&#215;35 cm &#8211; gratis,<\/li>\n<li>5x stopki plastikowe dla lepszej stabilno\u015bci.<\/li>\n<\/ul>\n<p>Ka\u017cdy fotel kube\u0142ek Kalis posiada tapicerowany pojemnik, kt\u00f3ry z pewno\u015bci\u0105 przyda si\u0119 na r\u00f3\u017cne drobiazgi.<\/p>\n<p><b>Dbamy o ka\u017cdy szczeg\u00f3\u0142. Towar jest estetycznie wykonany &#8211; kiedra zas\u0142ania zszywki<\/b><\/p>\n<p>Rzeczywisty kolor produktu mo\u017ce odbiega\u0107 od widocznego na zdj\u0119ciu w zale\u017cno\u015bci od ustawie\u0144 wy\u015bwietlacza.<\/p>\n","protected":false},"excerpt":{"rendered":"<div class=\"mp4t_16_s mryx_16_s mr3m_1 mli2_1 mh85_56 mh85_0_l\">\n<div class=\"mgn2_16 _0d3bd_r3bCg\">\n<p><strong>Fotele kube\u0142ki Kalis dobrze prezentowa\u0107 b\u0119d\u0105 si\u0119 w salonach, pokojach hotelowych i go\u015bcinnych, r\u00f3wnie\u017c jako dodatkowe siedzenia dla go\u015bci. Dzi\u0119ki niewielkim rozmiarom mog\u0105 stworzy\u0107 wra\u017cenie wi\u0119kszej przestrzeni w pokojach dzieci\u0119cych, czy lokalach na wynajem.<\/strong> S\u0105 lekkie, wi\u0119c \u0142atwo przenie\u015b\u0107 je na drug\u0105 stron\u0119 pomieszczenia, a w ich miejsce postawi\u0107 stolik kawowy lub roz\u0142o\u017cy\u0107 ulubione klocki i lalki. R\u00f3wnie \u0142atwo wynie\u015b\u0107 je na balkon lub werand\u0119 i zagra\u0107 na \u015bwie\u017cym powietrzu w plansz\u00f3wki ze znajomymi.<\/p>\n<\/div>\n<\/div>\n","protected":false},"featured_media":1642,"comment_status":"open","ping_status":"closed","template":"","meta":[],"product_brand":[],"product_cat":[23],"product_tag":[172,177,179],"class_list":{"0":"post-494","1":"product","2":"type-product","3":"status-publish","4":"has-post-thumbnail","6":"product_cat-fotele","7":"product_tag-brazowy","8":"product_tag-ciemny-kolor","9":"product_tag-jednokolorowy","11":"first","12":"instock","13":"featured","14":"shipping-taxable","15":"purchasable","16":"product-type-simple"},"jetpack_sharing_enabled":true,"_links":{"self":[{"href":"https:\/\/www.mebelonline.pl\/index.php?rest_route=\/wp\/v2\/product\/494","targetHints":{"allow":["GET"]}}],"collection":[{"href":"https:\/\/www.mebelonline.pl\/index.php?rest_route=\/wp\/v2\/product"}],"about":[{"href":"https:\/\/www.mebelonline.pl\/index.php?rest_route=\/wp\/v2\/types\/product"}],"replies":[{"embeddable":true,"href":"https:\/\/www.mebelonline.pl\/index.php?rest_route=%2Fwp%2Fv2%2Fcomments&post=494"}],"wp:featuredmedia":[{"embeddable":true,"href":"https:\/\/www.mebelonline.pl\/index.php?rest_route=\/wp\/v2\/media\/1642"}],"wp:attachment":[{"href":"https:\/\/www.mebelonline.pl\/index.php?rest_route=%2Fwp%2Fv2%2Fmedia&parent=494"}],"wp:term":[{"taxonomy":"product_brand","embeddable":true,"href":"https:\/\/www.mebelonline.pl\/index.php?rest_route=%2Fwp%2Fv2%2Fproduct_brand&post=494"},{"taxonomy":"product_cat","embeddable":true,"href":"https:\/\/www.mebelonline.pl\/index.php?rest_route=%2Fwp%2Fv2%2Fproduct_cat&post=494"},{"taxonomy":"product_tag","embeddable":true,"href":"https:\/\/www.mebelonline.pl\/index.php?rest_route=%2Fwp%2Fv2%2Fproduct_tag&post=494"}],"curies":[{"name":"wp","href":"https:\/\/api.w.org\/{rel}","templated":true}]}}