{"id":530,"date":"2023-04-18T12:02:39","date_gmt":"2023-04-18T10:02:39","guid":{"rendered":"http:\/\/mebelonline.pl\/?post_type=product&#038;p=530"},"modified":"2026-01-10T21:29:30","modified_gmt":"2026-01-10T20:29:30","slug":"naroznik-jas-rozkladany","status":"publish","type":"product","link":"https:\/\/www.mebelonline.pl\/?product=naroznik-jas-rozkladany","title":{"rendered":"Naro\u017cnik rozk\u0142adany Steban"},"content":{"rendered":"<p>Mebel mo\u017cna z \u0142atwo\u015bci\u0105 roz\u0142o\u017cy\u0107, uzyskuj\u0105c powierzchni\u0119 do spania o wymiarach 125&#215;203 cm. W \u015brodku naro\u017cnik posiada bardzo du\u017cy pojemniki na po\u015bciel, dzi\u0119ki czemu jest ona zawsze pod r\u0119k\u0105. Po roz\u0142o\u017ceniu mo\u017cna w razie potrzeby wyd\u0142u\u017cy\u0107 mebel, dostawiaj\u0105c do\u0142\u0105czan\u0105 do zestawu puf\u0119 o wymiarach 60&#215;80 cm.<\/p>\n<p><b>Tkaniny obiciowe do wyboru:<\/b> nasza szeroka oferta tkanin pozwala dopasowa\u0107 rodzaj tkaniny i jej kolor praktycznie do ka\u017cdego pomieszczenia, w dowolnej aran\u017cacji. Wystarczy wybra\u0107 w\u0142a\u015bciwy odcie\u0144 i rodzaj tkaniny z naszej <a href=\"https:\/\/www.mebelonline.pl\/?page_id=978\"><strong>palety wzornik\u00f3w<\/strong> klikaj\u0105c<strong> tutaj<\/strong><\/a> lub sprawdzi\u0107 nasze pozosta\u0142e oferty. Prosimy pami\u0119ta\u0107 o wpisaniu nazwy wybranych tkanin i numeru barw w wiadomo\u015bci w czasie sk\u0142adania zam\u00f3wienia.<\/p>\n<p>&nbsp;<\/p>\n<p><b>Niniejsza oferta obejmuje naro\u017cnik w kolorach popiel i jasnoszary.<\/b><\/p>\n<p>Mebel jest uniwersalny &#8211; zar\u00f3wno prawostronny jak i lewostronny, zale\u017cnie od sposobu zamontowania blach w naszykowane w tym celu otwory.<\/p>\n<p><b>Cechy naro\u017cnika:<\/b><\/p>\n<ul>\n<li>rozk\u0142adany &#8211; du\u017ca powierzchnia spania,<\/li>\n<li>du\u017cy pojemnik na po\u015bciel &#8211; otwierane obie cz\u0119\u015bci,<\/li>\n<li>\u0142atwe otwieranie &#8211; automaty,<\/li>\n<li>uniwersalny &#8211; prawostronny i lewostronny,<\/li>\n<li>w zestawie pufa 60&#215;70 cm,<\/li>\n<li>siedzisko bonell,<\/li>\n<li>n\u00f3\u017cki chromowane,<\/li>\n<li>gratis 2 dodatkowe poduszki.<\/li>\n<\/ul>\n<p><b>Poniewa\u017c<\/b>\u00a0<b>kwesti\u0119 mebli tapicerowanych traktujemy bardzo powa\u017cnie, tworzymy je u\u017cywaj\u0105c wysokiej klasy materia\u0142\u00f3w, daj\u0105c gwarancj\u0119 dobrego stosunku jako\u015bci do ceny.<\/b><\/p>\n<p>&nbsp;<\/p>\n<p>Meble dostarczamy w\u0142asnym transportem, dlatego gwarantujemy, \u017ce towar dojedzie nieuszkodzony i bezproblemowo. Us\u0142uga dodatkowa &#8211; <strong>kierowca\u00a0 pomaga przy wniesieniu i monta\u017cu mebli<\/strong>. Ze strony klienta wymagana jest obecno\u015b\u0107 jednej osoby do pomocy przy wniesieniu. <strong>Koszt 100 PLN<\/strong><\/p>\n<p>Rzeczywisty kolor produktu mo\u017ce odbiega\u0107 od widocznego na zdj\u0119ciu w zale\u017cno\u015bci od ustawie\u0144 wy\u015bwietlacza.<\/p>\n","protected":false},"excerpt":{"rendered":"<div class=\"mp4t_16_s mryx_16_s mr3m_1 mli2_1 mh85_56 mh85_0_l\">\n<div class=\"mgn2_16 _0d3bd_r3bCg\">\n<p><strong>Naro\u017cnik rozk\u0142adany Steban z funkcj\u0105 spania, to uniwersalny mebel wykonany z wysokiej jako\u015bci materia\u0142\u00f3w. Cechuje go nie tylko wysoki komfort u\u017cytkowania, ale i schludne wyko\u0144czenia, a przez to niezwykle elegancki wygl\u0105d.<\/strong><\/p>\n<p><strong>Steban sprawdzi si\u0119 g\u0142\u00f3wnie w salonach i gabinetach, ale dobrze prezentowa\u0107 b\u0119dzie si\u0119 r\u00f3wnie\u017c w wi\u0119kszych pokojach.<\/strong><\/p>\n<\/div>\n<\/div>\n","protected":false},"featured_media":531,"comment_status":"open","ping_status":"closed","template":"","meta":[],"product_brand":[],"product_cat":[26],"product_tag":[177,180,176,186,115],"class_list":{"0":"post-530","1":"product","2":"type-product","3":"status-publish","4":"has-post-thumbnail","6":"product_cat-narozniki","7":"product_tag-ciemny-kolor","8":"product_tag-dwukolorowy","9":"product_tag-jasny-kolor","10":"product_tag-popiel","11":"product_tag-szary","13":"first","14":"instock","15":"featured","16":"shipping-taxable","17":"purchasable","18":"product-type-simple"},"jetpack_sharing_enabled":true,"_links":{"self":[{"href":"https:\/\/www.mebelonline.pl\/index.php?rest_route=\/wp\/v2\/product\/530","targetHints":{"allow":["GET"]}}],"collection":[{"href":"https:\/\/www.mebelonline.pl\/index.php?rest_route=\/wp\/v2\/product"}],"about":[{"href":"https:\/\/www.mebelonline.pl\/index.php?rest_route=\/wp\/v2\/types\/product"}],"replies":[{"embeddable":true,"href":"https:\/\/www.mebelonline.pl\/index.php?rest_route=%2Fwp%2Fv2%2Fcomments&post=530"}],"wp:featuredmedia":[{"embeddable":true,"href":"https:\/\/www.mebelonline.pl\/index.php?rest_route=\/wp\/v2\/media\/531"}],"wp:attachment":[{"href":"https:\/\/www.mebelonline.pl\/index.php?rest_route=%2Fwp%2Fv2%2Fmedia&parent=530"}],"wp:term":[{"taxonomy":"product_brand","embeddable":true,"href":"https:\/\/www.mebelonline.pl\/index.php?rest_route=%2Fwp%2Fv2%2Fproduct_brand&post=530"},{"taxonomy":"product_cat","embeddable":true,"href":"https:\/\/www.mebelonline.pl\/index.php?rest_route=%2Fwp%2Fv2%2Fproduct_cat&post=530"},{"taxonomy":"product_tag","embeddable":true,"href":"https:\/\/www.mebelonline.pl\/index.php?rest_route=%2Fwp%2Fv2%2Fproduct_tag&post=530"}],"curies":[{"name":"wp","href":"https:\/\/api.w.org\/{rel}","templated":true}]}}